{"id":1621,"date":"2021-04-02T21:52:49","date_gmt":"2021-04-02T19:52:49","guid":{"rendered":"https:\/\/krol-abram.fr\/?page_id=1621"},"modified":"2021-05-13T19:14:08","modified_gmt":"2021-05-13T17:14:08","slug":"zodiaque","status":"publish","type":"page","link":"https:\/\/krol-abram.fr\/?page_id=1621","title":{"rendered":"Zodiaque"},"content":{"rendered":"\n<p class=\"has-text-align-center\"><strong>SUITE GRAV\u00c9E EN 1966<\/strong><br>cuivre au format trap\u00e9zo\u00efdal <br>largueur 22cm x hauteur 30cm et bas 9cm<\/p>\n\n\n\n<div class=\"wp-block-image\"><figure class=\"aligncenter size-large\"><img loading=\"lazy\" decoding=\"async\" width=\"418\" height=\"591\" src=\"https:\/\/krol-abram.fr\/wp-content\/uploads\/0632-belier-1.jpg\" alt=\"\" class=\"wp-image-1623\" srcset=\"https:\/\/krol-abram.fr\/wp-content\/uploads\/0632-belier-1.jpg 418w, https:\/\/krol-abram.fr\/wp-content\/uploads\/0632-belier-1-212x300.jpg 212w\" sizes=\"auto, (max-width: 418px) 100vw, 418px\" \/><figcaption>le b\u00e9lier<\/figcaption><\/figure><\/div>\n\n\n\n<div class=\"wp-block-image\"><figure class=\"aligncenter size-large\"><img loading=\"lazy\" decoding=\"async\" width=\"428\" height=\"591\" src=\"https:\/\/krol-abram.fr\/wp-content\/uploads\/0633-taureau.jpg\" alt=\"\" class=\"wp-image-1624\" srcset=\"https:\/\/krol-abram.fr\/wp-content\/uploads\/0633-taureau.jpg 428w, https:\/\/krol-abram.fr\/wp-content\/uploads\/0633-taureau-217x300.jpg 217w\" sizes=\"auto, (max-width: 428px) 100vw, 428px\" \/><figcaption>le taureau<\/figcaption><\/figure><\/div>\n\n\n\n<div class=\"wp-block-image\"><figure class=\"aligncenter size-large\"><img loading=\"lazy\" decoding=\"async\" width=\"417\" height=\"591\" src=\"https:\/\/krol-abram.fr\/wp-content\/uploads\/0634-gemeaux.jpg\" alt=\"\" class=\"wp-image-1625\" srcset=\"https:\/\/krol-abram.fr\/wp-content\/uploads\/0634-gemeaux.jpg 417w, https:\/\/krol-abram.fr\/wp-content\/uploads\/0634-gemeaux-212x300.jpg 212w\" sizes=\"auto, (max-width: 417px) 100vw, 417px\" \/><figcaption>les g\u00e9meaux<\/figcaption><\/figure><\/div>\n\n\n\n<div class=\"wp-block-image\"><figure class=\"aligncenter size-large\"><img loading=\"lazy\" decoding=\"async\" width=\"415\" height=\"591\" src=\"https:\/\/krol-abram.fr\/wp-content\/uploads\/0635-cancer.jpg\" alt=\"\" class=\"wp-image-1626\" srcset=\"https:\/\/krol-abram.fr\/wp-content\/uploads\/0635-cancer.jpg 415w, https:\/\/krol-abram.fr\/wp-content\/uploads\/0635-cancer-211x300.jpg 211w\" sizes=\"auto, (max-width: 415px) 100vw, 415px\" \/><figcaption>le cancer<\/figcaption><\/figure><\/div>\n\n\n\n<div class=\"wp-block-image\"><figure class=\"aligncenter size-large\"><img loading=\"lazy\" decoding=\"async\" width=\"430\" height=\"591\" src=\"https:\/\/krol-abram.fr\/wp-content\/uploads\/0636-lion.jpg\" alt=\"\" class=\"wp-image-1627\" srcset=\"https:\/\/krol-abram.fr\/wp-content\/uploads\/0636-lion.jpg 430w, https:\/\/krol-abram.fr\/wp-content\/uploads\/0636-lion-218x300.jpg 218w\" sizes=\"auto, (max-width: 430px) 100vw, 430px\" \/><figcaption>le lion<\/figcaption><\/figure><\/div>\n\n\n\n<div class=\"wp-block-image\"><figure class=\"aligncenter size-large\"><img loading=\"lazy\" decoding=\"async\" width=\"424\" height=\"591\" src=\"https:\/\/krol-abram.fr\/wp-content\/uploads\/0637-vierge.jpg\" alt=\"\" class=\"wp-image-1628\" srcset=\"https:\/\/krol-abram.fr\/wp-content\/uploads\/0637-vierge.jpg 424w, https:\/\/krol-abram.fr\/wp-content\/uploads\/0637-vierge-215x300.jpg 215w\" sizes=\"auto, (max-width: 424px) 100vw, 424px\" \/><figcaption>la vierge<\/figcaption><\/figure><\/div>\n\n\n\n<div class=\"wp-block-image\"><figure class=\"aligncenter size-large\"><img loading=\"lazy\" decoding=\"async\" width=\"441\" height=\"591\" src=\"https:\/\/krol-abram.fr\/wp-content\/uploads\/0638-balance.jpg\" alt=\"\" class=\"wp-image-1629\" srcset=\"https:\/\/krol-abram.fr\/wp-content\/uploads\/0638-balance.jpg 441w, https:\/\/krol-abram.fr\/wp-content\/uploads\/0638-balance-224x300.jpg 224w\" sizes=\"auto, (max-width: 441px) 100vw, 441px\" \/><figcaption>la balance<\/figcaption><\/figure><\/div>\n\n\n\n<div class=\"wp-block-image\"><figure class=\"aligncenter size-large\"><img loading=\"lazy\" decoding=\"async\" width=\"445\" height=\"591\" src=\"https:\/\/krol-abram.fr\/wp-content\/uploads\/0639-scorpion.jpg\" alt=\"\" class=\"wp-image-1630\" srcset=\"https:\/\/krol-abram.fr\/wp-content\/uploads\/0639-scorpion.jpg 445w, https:\/\/krol-abram.fr\/wp-content\/uploads\/0639-scorpion-226x300.jpg 226w\" sizes=\"auto, (max-width: 445px) 100vw, 445px\" \/><figcaption>le scorpion <\/figcaption><\/figure><\/div>\n\n\n\n<div class=\"wp-block-image\"><figure class=\"aligncenter size-large\"><img loading=\"lazy\" decoding=\"async\" width=\"420\" height=\"591\" src=\"https:\/\/krol-abram.fr\/wp-content\/uploads\/0640-sagitaire.jpg\" alt=\"\" class=\"wp-image-1631\" srcset=\"https:\/\/krol-abram.fr\/wp-content\/uploads\/0640-sagitaire.jpg 420w, https:\/\/krol-abram.fr\/wp-content\/uploads\/0640-sagitaire-213x300.jpg 213w\" sizes=\"auto, (max-width: 420px) 100vw, 420px\" \/><figcaption>le sagittaire <\/figcaption><\/figure><\/div>\n\n\n\n<div class=\"wp-block-image\"><figure class=\"aligncenter size-large\"><img loading=\"lazy\" decoding=\"async\" width=\"410\" height=\"591\" src=\"https:\/\/krol-abram.fr\/wp-content\/uploads\/0641-capricorne.jpg\" alt=\"\" class=\"wp-image-1632\" srcset=\"https:\/\/krol-abram.fr\/wp-content\/uploads\/0641-capricorne.jpg 410w, https:\/\/krol-abram.fr\/wp-content\/uploads\/0641-capricorne-208x300.jpg 208w\" sizes=\"auto, (max-width: 410px) 100vw, 410px\" \/><figcaption>le capricorne<\/figcaption><\/figure><\/div>\n\n\n\n<div class=\"wp-block-image\"><figure class=\"aligncenter size-large\"><img loading=\"lazy\" decoding=\"async\" width=\"428\" height=\"591\" src=\"https:\/\/krol-abram.fr\/wp-content\/uploads\/0642-verseau.jpg\" alt=\"\" class=\"wp-image-1633\" srcset=\"https:\/\/krol-abram.fr\/wp-content\/uploads\/0642-verseau.jpg 428w, https:\/\/krol-abram.fr\/wp-content\/uploads\/0642-verseau-217x300.jpg 217w\" sizes=\"auto, (max-width: 428px) 100vw, 428px\" \/><figcaption>le verseau<\/figcaption><\/figure><\/div>\n\n\n\n<div class=\"wp-block-image\"><figure class=\"aligncenter size-large\"><img loading=\"lazy\" decoding=\"async\" width=\"438\" height=\"591\" src=\"https:\/\/krol-abram.fr\/wp-content\/uploads\/0643-poissons.jpg\" alt=\"\" class=\"wp-image-1634\" srcset=\"https:\/\/krol-abram.fr\/wp-content\/uploads\/0643-poissons.jpg 438w, https:\/\/krol-abram.fr\/wp-content\/uploads\/0643-poissons-222x300.jpg 222w\" sizes=\"auto, (max-width: 438px) 100vw, 438px\" \/><figcaption>les poissons <\/figcaption><\/figure><\/div>\n","protected":false},"excerpt":{"rendered":"<p>SUITE GRAV\u00c9E EN 1966cuivre au format trap\u00e9zo\u00efdal largueur 22cm x hauteur 30cm et bas 9cm<\/p>\n","protected":false},"author":1,"featured_media":0,"parent":0,"menu_order":0,"comment_status":"closed","ping_status":"closed","template":"","meta":{"footnotes":""},"class_list":["post-1621","page","type-page","status-publish","hentry","entry"],"yoast_head":"<!-- This site is optimized with the Yoast SEO plugin v27.3 - https:\/\/yoast.com\/product\/yoast-seo-wordpress\/ -->\n<title>Zodiaque - Abram KROL<\/title>\n<meta name=\"robots\" content=\"index, follow, max-snippet:-1, max-image-preview:large, max-video-preview:-1\" \/>\n<link rel=\"canonical\" href=\"https:\/\/krol-abram.fr\/?page_id=1621\" \/>\n<meta property=\"og:locale\" content=\"fr_FR\" \/>\n<meta property=\"og:type\" content=\"article\" \/>\n<meta property=\"og:title\" content=\"Zodiaque - Abram KROL\" \/>\n<meta property=\"og:description\" content=\"SUITE GRAV\u00c9E EN 1966cuivre au format trap\u00e9zo\u00efdal largueur 22cm x hauteur 30cm et bas 9cm\" \/>\n<meta property=\"og:url\" content=\"https:\/\/krol-abram.fr\/?page_id=1621\" \/>\n<meta property=\"og:site_name\" content=\"Abram KROL\" \/>\n<meta property=\"article:modified_time\" content=\"2021-05-13T17:14:08+00:00\" \/>\n<meta property=\"og:image\" content=\"https:\/\/krol-abram.fr\/wp-content\/uploads\/0632-belier-1.jpg\" \/>\n<meta name=\"twitter:card\" content=\"summary_large_image\" \/>\n<script type=\"application\/ld+json\" class=\"yoast-schema-graph\">{\"@context\":\"https:\\\/\\\/schema.org\",\"@graph\":[{\"@type\":\"WebPage\",\"@id\":\"https:\\\/\\\/krol-abram.fr\\\/?page_id=1621\",\"url\":\"https:\\\/\\\/krol-abram.fr\\\/?page_id=1621\",\"name\":\"Zodiaque - Abram KROL\",\"isPartOf\":{\"@id\":\"https:\\\/\\\/krol-abram.fr\\\/#website\"},\"primaryImageOfPage\":{\"@id\":\"https:\\\/\\\/krol-abram.fr\\\/?page_id=1621#primaryimage\"},\"image\":{\"@id\":\"https:\\\/\\\/krol-abram.fr\\\/?page_id=1621#primaryimage\"},\"thumbnailUrl\":\"https:\\\/\\\/krol-abram.fr\\\/wp-content\\\/uploads\\\/0632-belier-1.jpg\",\"datePublished\":\"2021-04-02T19:52:49+00:00\",\"dateModified\":\"2021-05-13T17:14:08+00:00\",\"breadcrumb\":{\"@id\":\"https:\\\/\\\/krol-abram.fr\\\/?page_id=1621#breadcrumb\"},\"inLanguage\":\"fr-FR\",\"potentialAction\":[{\"@type\":\"ReadAction\",\"target\":[\"https:\\\/\\\/krol-abram.fr\\\/?page_id=1621\"]}]},{\"@type\":\"ImageObject\",\"inLanguage\":\"fr-FR\",\"@id\":\"https:\\\/\\\/krol-abram.fr\\\/?page_id=1621#primaryimage\",\"url\":\"https:\\\/\\\/krol-abram.fr\\\/wp-content\\\/uploads\\\/0632-belier-1.jpg\",\"contentUrl\":\"https:\\\/\\\/krol-abram.fr\\\/wp-content\\\/uploads\\\/0632-belier-1.jpg\",\"width\":418,\"height\":591},{\"@type\":\"BreadcrumbList\",\"@id\":\"https:\\\/\\\/krol-abram.fr\\\/?page_id=1621#breadcrumb\",\"itemListElement\":[{\"@type\":\"ListItem\",\"position\":1,\"name\":\"Accueil\",\"item\":\"https:\\\/\\\/krol-abram.fr\\\/\"},{\"@type\":\"ListItem\",\"position\":2,\"name\":\"Zodiaque\"}]},{\"@type\":\"WebSite\",\"@id\":\"https:\\\/\\\/krol-abram.fr\\\/#website\",\"url\":\"https:\\\/\\\/krol-abram.fr\\\/\",\"name\":\"Abram KROL\",\"description\":\"artiste peintre-graveur\",\"potentialAction\":[{\"@type\":\"SearchAction\",\"target\":{\"@type\":\"EntryPoint\",\"urlTemplate\":\"https:\\\/\\\/krol-abram.fr\\\/?s={search_term_string}\"},\"query-input\":{\"@type\":\"PropertyValueSpecification\",\"valueRequired\":true,\"valueName\":\"search_term_string\"}}],\"inLanguage\":\"fr-FR\"}]}<\/script>\n<!-- \/ Yoast SEO plugin. -->","yoast_head_json":{"title":"Zodiaque - Abram KROL","robots":{"index":"index","follow":"follow","max-snippet":"max-snippet:-1","max-image-preview":"max-image-preview:large","max-video-preview":"max-video-preview:-1"},"canonical":"https:\/\/krol-abram.fr\/?page_id=1621","og_locale":"fr_FR","og_type":"article","og_title":"Zodiaque - Abram KROL","og_description":"SUITE GRAV\u00c9E EN 1966cuivre au format trap\u00e9zo\u00efdal largueur 22cm x hauteur 30cm et bas 9cm","og_url":"https:\/\/krol-abram.fr\/?page_id=1621","og_site_name":"Abram KROL","article_modified_time":"2021-05-13T17:14:08+00:00","og_image":[{"url":"https:\/\/krol-abram.fr\/wp-content\/uploads\/0632-belier-1.jpg","type":"","width":"","height":""}],"twitter_card":"summary_large_image","schema":{"@context":"https:\/\/schema.org","@graph":[{"@type":"WebPage","@id":"https:\/\/krol-abram.fr\/?page_id=1621","url":"https:\/\/krol-abram.fr\/?page_id=1621","name":"Zodiaque - Abram KROL","isPartOf":{"@id":"https:\/\/krol-abram.fr\/#website"},"primaryImageOfPage":{"@id":"https:\/\/krol-abram.fr\/?page_id=1621#primaryimage"},"image":{"@id":"https:\/\/krol-abram.fr\/?page_id=1621#primaryimage"},"thumbnailUrl":"https:\/\/krol-abram.fr\/wp-content\/uploads\/0632-belier-1.jpg","datePublished":"2021-04-02T19:52:49+00:00","dateModified":"2021-05-13T17:14:08+00:00","breadcrumb":{"@id":"https:\/\/krol-abram.fr\/?page_id=1621#breadcrumb"},"inLanguage":"fr-FR","potentialAction":[{"@type":"ReadAction","target":["https:\/\/krol-abram.fr\/?page_id=1621"]}]},{"@type":"ImageObject","inLanguage":"fr-FR","@id":"https:\/\/krol-abram.fr\/?page_id=1621#primaryimage","url":"https:\/\/krol-abram.fr\/wp-content\/uploads\/0632-belier-1.jpg","contentUrl":"https:\/\/krol-abram.fr\/wp-content\/uploads\/0632-belier-1.jpg","width":418,"height":591},{"@type":"BreadcrumbList","@id":"https:\/\/krol-abram.fr\/?page_id=1621#breadcrumb","itemListElement":[{"@type":"ListItem","position":1,"name":"Accueil","item":"https:\/\/krol-abram.fr\/"},{"@type":"ListItem","position":2,"name":"Zodiaque"}]},{"@type":"WebSite","@id":"https:\/\/krol-abram.fr\/#website","url":"https:\/\/krol-abram.fr\/","name":"Abram KROL","description":"artiste peintre-graveur","potentialAction":[{"@type":"SearchAction","target":{"@type":"EntryPoint","urlTemplate":"https:\/\/krol-abram.fr\/?s={search_term_string}"},"query-input":{"@type":"PropertyValueSpecification","valueRequired":true,"valueName":"search_term_string"}}],"inLanguage":"fr-FR"}]}},"_links":{"self":[{"href":"https:\/\/krol-abram.fr\/index.php?rest_route=\/wp\/v2\/pages\/1621","targetHints":{"allow":["GET"]}}],"collection":[{"href":"https:\/\/krol-abram.fr\/index.php?rest_route=\/wp\/v2\/pages"}],"about":[{"href":"https:\/\/krol-abram.fr\/index.php?rest_route=\/wp\/v2\/types\/page"}],"author":[{"embeddable":true,"href":"https:\/\/krol-abram.fr\/index.php?rest_route=\/wp\/v2\/users\/1"}],"replies":[{"embeddable":true,"href":"https:\/\/krol-abram.fr\/index.php?rest_route=%2Fwp%2Fv2%2Fcomments&post=1621"}],"version-history":[{"count":4,"href":"https:\/\/krol-abram.fr\/index.php?rest_route=\/wp\/v2\/pages\/1621\/revisions"}],"predecessor-version":[{"id":2675,"href":"https:\/\/krol-abram.fr\/index.php?rest_route=\/wp\/v2\/pages\/1621\/revisions\/2675"}],"wp:attachment":[{"href":"https:\/\/krol-abram.fr\/index.php?rest_route=%2Fwp%2Fv2%2Fmedia&parent=1621"}],"curies":[{"name":"wp","href":"https:\/\/api.w.org\/{rel}","templated":true}]}}