{"id":3020,"date":"2021-05-26T17:16:54","date_gmt":"2021-05-26T15:16:54","guid":{"rendered":"https:\/\/krol-abram.fr\/?page_id=3020"},"modified":"2021-05-26T17:16:54","modified_gmt":"2021-05-26T15:16:54","slug":"le-chateau","status":"publish","type":"page","link":"https:\/\/krol-abram.fr\/?page_id=3020","title":{"rendered":"Le Ch\u00e2teau"},"content":{"rendered":"\n<div class=\"wp-block-image\"><figure class=\"aligncenter size-large\"><img loading=\"lazy\" decoding=\"async\" width=\"800\" height=\"637\" src=\"https:\/\/krol-abram.fr\/wp-content\/uploads\/le-chateau-sommaire-1.jpg\" alt=\"\" class=\"wp-image-3021\" srcset=\"https:\/\/krol-abram.fr\/wp-content\/uploads\/le-chateau-sommaire-1.jpg 800w, https:\/\/krol-abram.fr\/wp-content\/uploads\/le-chateau-sommaire-1-300x239.jpg 300w, https:\/\/krol-abram.fr\/wp-content\/uploads\/le-chateau-sommaire-1-768x612.jpg 768w\" sizes=\"auto, (max-width: 800px) 100vw, 800px\" \/><\/figure><\/div>\n\n\n\n<div class=\"wp-block-image\"><figure class=\"aligncenter size-large\"><img loading=\"lazy\" decoding=\"async\" width=\"800\" height=\"686\" src=\"https:\/\/krol-abram.fr\/wp-content\/uploads\/le-chateau-sommaire-2.jpg\" alt=\"\" class=\"wp-image-3022\" srcset=\"https:\/\/krol-abram.fr\/wp-content\/uploads\/le-chateau-sommaire-2.jpg 800w, https:\/\/krol-abram.fr\/wp-content\/uploads\/le-chateau-sommaire-2-300x257.jpg 300w, https:\/\/krol-abram.fr\/wp-content\/uploads\/le-chateau-sommaire-2-768x659.jpg 768w\" sizes=\"auto, (max-width: 800px) 100vw, 800px\" \/><figcaption>    <\/figcaption><\/figure><\/div>\n\n\n\n<div class=\"wp-block-image\"><figure class=\"aligncenter size-large\"><img loading=\"lazy\" decoding=\"async\" width=\"557\" height=\"488\" src=\"https:\/\/krol-abram.fr\/wp-content\/uploads\/1125-le-chateau-arrivee-1.jpg\" alt=\"\" class=\"wp-image-3023\" srcset=\"https:\/\/krol-abram.fr\/wp-content\/uploads\/1125-le-chateau-arrivee-1.jpg 557w, https:\/\/krol-abram.fr\/wp-content\/uploads\/1125-le-chateau-arrivee-1-300x263.jpg 300w\" sizes=\"auto, (max-width: 557px) 100vw, 557px\" \/><figcaption>ARRIV\u00c9E &#8211; Un pays \u00e9trange<\/figcaption><\/figure><\/div>\n\n\n\n<div class=\"wp-block-image\"><figure class=\"aligncenter size-large\"><img loading=\"lazy\" decoding=\"async\" width=\"557\" height=\"470\" src=\"https:\/\/krol-abram.fr\/wp-content\/uploads\/1126-le-chateau-barnabe-2.jpg\" alt=\"\" class=\"wp-image-3024\" srcset=\"https:\/\/krol-abram.fr\/wp-content\/uploads\/1126-le-chateau-barnabe-2.jpg 557w, https:\/\/krol-abram.fr\/wp-content\/uploads\/1126-le-chateau-barnabe-2-300x253.jpg 300w\" sizes=\"auto, (max-width: 557px) 100vw, 557px\" \/><figcaption>BARNAB\u00c9 &#8211; Appel au ch\u00e2teau<\/figcaption><\/figure><\/div>\n\n\n\n<div class=\"wp-block-image\"><figure class=\"aligncenter size-large\"><img loading=\"lazy\" decoding=\"async\" width=\"557\" height=\"471\" src=\"https:\/\/krol-abram.fr\/wp-content\/uploads\/1127-le-chateau-frieda-3.jpg\" alt=\"\" class=\"wp-image-3025\" srcset=\"https:\/\/krol-abram.fr\/wp-content\/uploads\/1127-le-chateau-frieda-3.jpg 557w, https:\/\/krol-abram.fr\/wp-content\/uploads\/1127-le-chateau-frieda-3-300x254.jpg 300w\" sizes=\"auto, (max-width: 557px) 100vw, 557px\" \/><figcaption>FRIEDA &#8211; Sous le comptoir<\/figcaption><\/figure><\/div>\n\n\n\n<div class=\"wp-block-image\"><figure class=\"aligncenter size-large\"><img loading=\"lazy\" decoding=\"async\" width=\"557\" height=\"463\" src=\"https:\/\/krol-abram.fr\/wp-content\/uploads\/1128-le-chateau-premier-entretien-4.jpg\" alt=\"\" class=\"wp-image-3026\" srcset=\"https:\/\/krol-abram.fr\/wp-content\/uploads\/1128-le-chateau-premier-entretien-4.jpg 557w, https:\/\/krol-abram.fr\/wp-content\/uploads\/1128-le-chateau-premier-entretien-4-300x249.jpg 300w\" sizes=\"auto, (max-width: 557px) 100vw, 557px\" \/><figcaption>PREMIER ENTRETIEN &#8211; L&rsquo;\u00e9treinte <\/figcaption><\/figure><\/div>\n\n\n\n<div class=\"wp-block-image\"><figure class=\"aligncenter size-large\"><img loading=\"lazy\" decoding=\"async\" width=\"557\" height=\"477\" src=\"https:\/\/krol-abram.fr\/wp-content\/uploads\/1129-le-chateau-chez-le-maire-5.jpg\" alt=\"\" class=\"wp-image-3027\" srcset=\"https:\/\/krol-abram.fr\/wp-content\/uploads\/1129-le-chateau-chez-le-maire-5.jpg 557w, https:\/\/krol-abram.fr\/wp-content\/uploads\/1129-le-chateau-chez-le-maire-5-300x257.jpg 300w\" sizes=\"auto, (max-width: 557px) 100vw, 557px\" \/><figcaption>CHEZ LE MAIRE &#8211; Le document \u00e9gar\u00e9<\/figcaption><\/figure><\/div>\n\n\n\n<div class=\"wp-block-image\"><figure class=\"aligncenter size-large\"><img loading=\"lazy\" decoding=\"async\" width=\"557\" height=\"475\" src=\"https:\/\/krol-abram.fr\/wp-content\/uploads\/1130-le-chateau-second-entretien-6.jpg\" alt=\"\" class=\"wp-image-3028\" srcset=\"https:\/\/krol-abram.fr\/wp-content\/uploads\/1130-le-chateau-second-entretien-6.jpg 557w, https:\/\/krol-abram.fr\/wp-content\/uploads\/1130-le-chateau-second-entretien-6-300x256.jpg 300w\" sizes=\"auto, (max-width: 557px) 100vw, 557px\" \/><figcaption>SECOND ENTRETIEN &#8211; La photo souvenir<\/figcaption><\/figure><\/div>\n\n\n\n<div class=\"wp-block-image\"><figure class=\"aligncenter size-large\"><img loading=\"lazy\" decoding=\"async\" width=\"557\" height=\"459\" src=\"https:\/\/krol-abram.fr\/wp-content\/uploads\/1131-le-chateau-linstituteur-7.jpg\" alt=\"\" class=\"wp-image-3029\" srcset=\"https:\/\/krol-abram.fr\/wp-content\/uploads\/1131-le-chateau-linstituteur-7.jpg 557w, https:\/\/krol-abram.fr\/wp-content\/uploads\/1131-le-chateau-linstituteur-7-300x247.jpg 300w\" sizes=\"auto, (max-width: 557px) 100vw, 557px\" \/><figcaption>L&rsquo;INSTITUTEUR &#8211; La toilette<\/figcaption><\/figure><\/div>\n\n\n\n<div class=\"wp-block-image\"><figure class=\"aligncenter size-large\"><img loading=\"lazy\" decoding=\"async\" width=\"557\" height=\"472\" src=\"https:\/\/krol-abram.fr\/wp-content\/uploads\/1132-le-chateau-en-attendant-klamm-8.jpg\" alt=\"\" class=\"wp-image-3030\" srcset=\"https:\/\/krol-abram.fr\/wp-content\/uploads\/1132-le-chateau-en-attendant-klamm-8.jpg 557w, https:\/\/krol-abram.fr\/wp-content\/uploads\/1132-le-chateau-en-attendant-klamm-8-300x254.jpg 300w\" sizes=\"auto, (max-width: 557px) 100vw, 557px\" \/><figcaption>EN ATTENDANT KLAMM<\/figcaption><\/figure><\/div>\n\n\n\n<div class=\"wp-block-image\"><figure class=\"aligncenter size-large\"><img loading=\"lazy\" decoding=\"async\" width=\"557\" height=\"470\" src=\"https:\/\/krol-abram.fr\/wp-content\/uploads\/1133-le-chateau-lutte-contre-la-patronne-9.jpg\" alt=\"\" class=\"wp-image-3031\" srcset=\"https:\/\/krol-abram.fr\/wp-content\/uploads\/1133-le-chateau-lutte-contre-la-patronne-9.jpg 557w, https:\/\/krol-abram.fr\/wp-content\/uploads\/1133-le-chateau-lutte-contre-la-patronne-9-300x253.jpg 300w\" sizes=\"auto, (max-width: 557px) 100vw, 557px\" \/><figcaption>LUTTE CONTRE LA PATRONNE<\/figcaption><\/figure><\/div>\n\n\n\n<div class=\"wp-block-image\"><figure class=\"aligncenter size-large\"><img loading=\"lazy\" decoding=\"async\" width=\"557\" height=\"477\" src=\"https:\/\/krol-abram.fr\/wp-content\/uploads\/1134-le-chateau-dans-la-rue-10.jpg\" alt=\"\" class=\"wp-image-3032\" srcset=\"https:\/\/krol-abram.fr\/wp-content\/uploads\/1134-le-chateau-dans-la-rue-10.jpg 557w, https:\/\/krol-abram.fr\/wp-content\/uploads\/1134-le-chateau-dans-la-rue-10-300x257.jpg 300w\" sizes=\"auto, (max-width: 557px) 100vw, 557px\" \/><figcaption>DANS LA RUE &#8211; La tettre<\/figcaption><\/figure><\/div>\n\n\n\n<div class=\"wp-block-image\"><figure class=\"aligncenter size-large\"><img loading=\"lazy\" decoding=\"async\" width=\"557\" height=\"466\" src=\"https:\/\/krol-abram.fr\/wp-content\/uploads\/1135-le-chateau-a-lecole-11.jpg\" alt=\"\" class=\"wp-image-3033\" srcset=\"https:\/\/krol-abram.fr\/wp-content\/uploads\/1135-le-chateau-a-lecole-11.jpg 557w, https:\/\/krol-abram.fr\/wp-content\/uploads\/1135-le-chateau-a-lecole-11-300x251.jpg 300w\" sizes=\"auto, (max-width: 557px) 100vw, 557px\" \/><figcaption>\u00c0 L&rsquo;\u00c9COLE &#8211; La col\u00e8re de l&rsquo;institutrice<\/figcaption><\/figure><\/div>\n\n\n\n<div class=\"wp-block-image\"><figure class=\"aligncenter size-large\"><img loading=\"lazy\" decoding=\"async\" width=\"557\" height=\"466\" src=\"https:\/\/krol-abram.fr\/wp-content\/uploads\/1136-le-chateau-les-assistants-12.jpg\" alt=\"\" class=\"wp-image-3034\" srcset=\"https:\/\/krol-abram.fr\/wp-content\/uploads\/1136-le-chateau-les-assistants-12.jpg 557w, https:\/\/krol-abram.fr\/wp-content\/uploads\/1136-le-chateau-les-assistants-12-300x251.jpg 300w\" sizes=\"auto, (max-width: 557px) 100vw, 557px\" \/><figcaption>LES ASSISTANTS <\/figcaption><\/figure><\/div>\n\n\n\n<div class=\"wp-block-image\"><figure class=\"aligncenter size-large\"><img loading=\"lazy\" decoding=\"async\" width=\"557\" height=\"476\" src=\"https:\/\/krol-abram.fr\/wp-content\/uploads\/1137-le-chateau-hans-13.jpg\" alt=\"\" class=\"wp-image-3035\" srcset=\"https:\/\/krol-abram.fr\/wp-content\/uploads\/1137-le-chateau-hans-13.jpg 557w, https:\/\/krol-abram.fr\/wp-content\/uploads\/1137-le-chateau-hans-13-300x256.jpg 300w\" sizes=\"auto, (max-width: 557px) 100vw, 557px\" \/><figcaption>HANS &#8211; La m\u00e8re malade<\/figcaption><\/figure><\/div>\n\n\n\n<div class=\"wp-block-image\"><figure class=\"aligncenter size-large\"><img loading=\"lazy\" decoding=\"async\" width=\"557\" height=\"473\" src=\"https:\/\/krol-abram.fr\/wp-content\/uploads\/1138-le-chateau-le-reproche-de-frieda-14.jpg\" alt=\"\" class=\"wp-image-3036\" srcset=\"https:\/\/krol-abram.fr\/wp-content\/uploads\/1138-le-chateau-le-reproche-de-frieda-14.jpg 557w, https:\/\/krol-abram.fr\/wp-content\/uploads\/1138-le-chateau-le-reproche-de-frieda-14-300x255.jpg 300w\" sizes=\"auto, (max-width: 557px) 100vw, 557px\" \/><figcaption>LE REPROCHE DE FRIEDA <\/figcaption><\/figure><\/div>\n\n\n\n<div class=\"wp-block-image\"><figure class=\"aligncenter size-large\"><img loading=\"lazy\" decoding=\"async\" width=\"557\" height=\"467\" src=\"https:\/\/krol-abram.fr\/wp-content\/uploads\/1139-le-chateau-aupres-damalia-15.jpg\" alt=\"\" class=\"wp-image-3037\" srcset=\"https:\/\/krol-abram.fr\/wp-content\/uploads\/1139-le-chateau-aupres-damalia-15.jpg 557w, https:\/\/krol-abram.fr\/wp-content\/uploads\/1139-le-chateau-aupres-damalia-15-300x252.jpg 300w\" sizes=\"auto, (max-width: 557px) 100vw, 557px\" \/><figcaption>AUPR\u00c8S D&rsquo;AMALIA &#8211; Les deux s\u0153urs<\/figcaption><\/figure><\/div>\n\n\n\n<div class=\"wp-block-image\"><figure class=\"aligncenter size-large\"><img loading=\"lazy\" decoding=\"async\" width=\"557\" height=\"475\" src=\"https:\/\/krol-abram.fr\/wp-content\/uploads\/1140-le-chateau-le-mystere-Klamm-16.jpg\" alt=\"\" class=\"wp-image-3038\" srcset=\"https:\/\/krol-abram.fr\/wp-content\/uploads\/1140-le-chateau-le-mystere-Klamm-16.jpg 557w, https:\/\/krol-abram.fr\/wp-content\/uploads\/1140-le-chateau-le-mystere-Klamm-16-300x256.jpg 300w\" sizes=\"auto, (max-width: 557px) 100vw, 557px\" \/><figcaption>LE MYST\u00c8RE KLAMM <\/figcaption><\/figure><\/div>\n\n\n\n<div class=\"wp-block-image\"><figure class=\"aligncenter size-large\"><img loading=\"lazy\" decoding=\"async\" width=\"557\" height=\"471\" src=\"https:\/\/krol-abram.fr\/wp-content\/uploads\/1141-le-chateau-le-secret-damalia-17.jpg\" alt=\"\" class=\"wp-image-3039\" srcset=\"https:\/\/krol-abram.fr\/wp-content\/uploads\/1141-le-chateau-le-secret-damalia-17.jpg 557w, https:\/\/krol-abram.fr\/wp-content\/uploads\/1141-le-chateau-le-secret-damalia-17-300x254.jpg 300w\" sizes=\"auto, (max-width: 557px) 100vw, 557px\" \/><figcaption>LE SECRET D&rsquo;AMALIA &#8211; Sortini \u00e0 la f\u00eate<\/figcaption><\/figure><\/div>\n\n\n\n<div class=\"wp-block-image\"><figure class=\"aligncenter size-large\"><img loading=\"lazy\" decoding=\"async\" width=\"557\" height=\"470\" src=\"https:\/\/krol-abram.fr\/wp-content\/uploads\/1142-le-chateau-le-chatiment-damalia-18.jpg\" alt=\"\" class=\"wp-image-3040\" srcset=\"https:\/\/krol-abram.fr\/wp-content\/uploads\/1142-le-chateau-le-chatiment-damalia-18.jpg 557w, https:\/\/krol-abram.fr\/wp-content\/uploads\/1142-le-chateau-le-chatiment-damalia-18-300x253.jpg 300w\" sizes=\"auto, (max-width: 557px) 100vw, 557px\" \/><figcaption>LE CH\u00c2TIMENT D&rsquo;AMALIA &#8211; Les expuls\u00e9s <\/figcaption><\/figure><\/div>\n\n\n\n<div class=\"wp-block-image\"><figure class=\"aligncenter size-large\"><img loading=\"lazy\" decoding=\"async\" width=\"557\" height=\"472\" src=\"https:\/\/krol-abram.fr\/wp-content\/uploads\/1143-le-chateau-demarches-19.jpg\" alt=\"\" class=\"wp-image-3041\" srcset=\"https:\/\/krol-abram.fr\/wp-content\/uploads\/1143-le-chateau-demarches-19.jpg 557w, https:\/\/krol-abram.fr\/wp-content\/uploads\/1143-le-chateau-demarches-19-300x254.jpg 300w\" sizes=\"auto, (max-width: 557px) 100vw, 557px\" \/><figcaption>D\u00c9MARCHES &#8211; La vaine attente<\/figcaption><\/figure><\/div>\n\n\n\n<div class=\"wp-block-image\"><figure class=\"aligncenter size-large\"><img loading=\"lazy\" decoding=\"async\" width=\"557\" height=\"477\" src=\"https:\/\/krol-abram.fr\/wp-content\/uploads\/1144-le-chateau-les-projets-dolga-20.jpg\" alt=\"\" class=\"wp-image-3042\" srcset=\"https:\/\/krol-abram.fr\/wp-content\/uploads\/1144-le-chateau-les-projets-dolga-20.jpg 557w, https:\/\/krol-abram.fr\/wp-content\/uploads\/1144-le-chateau-les-projets-dolga-20-300x257.jpg 300w\" sizes=\"auto, (max-width: 557px) 100vw, 557px\" \/><figcaption>LES PROJETS D&rsquo;OLGA &#8211; La famille Barnab\u00e9<\/figcaption><\/figure><\/div>\n\n\n\n<div class=\"wp-block-image\"><figure class=\"aligncenter size-large\"><img loading=\"lazy\" decoding=\"async\" width=\"557\" height=\"464\" src=\"https:\/\/krol-abram.fr\/wp-content\/uploads\/1145-le-chateau-erlanger-21.jpg\" alt=\"\" class=\"wp-image-3043\" srcset=\"https:\/\/krol-abram.fr\/wp-content\/uploads\/1145-le-chateau-erlanger-21.jpg 557w, https:\/\/krol-abram.fr\/wp-content\/uploads\/1145-le-chateau-erlanger-21-300x250.jpg 300w\" sizes=\"auto, (max-width: 557px) 100vw, 557px\" \/><figcaption>ERLANGER &#8211; Les lanternes<\/figcaption><\/figure><\/div>\n\n\n\n<div class=\"wp-block-image\"><figure class=\"aligncenter size-large\"><img loading=\"lazy\" decoding=\"async\" width=\"557\" height=\"471\" src=\"https:\/\/krol-abram.fr\/wp-content\/uploads\/1146-le-chateau-frieda-entre-K-et-jeremie-22.jpg\" alt=\"\" class=\"wp-image-3044\" srcset=\"https:\/\/krol-abram.fr\/wp-content\/uploads\/1146-le-chateau-frieda-entre-K-et-jeremie-22.jpg 557w, https:\/\/krol-abram.fr\/wp-content\/uploads\/1146-le-chateau-frieda-entre-K-et-jeremie-22-300x254.jpg 300w\" sizes=\"auto, (max-width: 557px) 100vw, 557px\" \/><figcaption>FRIEDA ENTRE K. ET J\u00c9R\u00c9MIE <\/figcaption><\/figure><\/div>\n\n\n\n<div class=\"wp-block-image\"><figure class=\"aligncenter size-large\"><img loading=\"lazy\" decoding=\"async\" width=\"557\" height=\"469\" src=\"https:\/\/krol-abram.fr\/wp-content\/uploads\/1147-le-chateau-burgel-23.jpg\" alt=\"\" class=\"wp-image-3045\" srcset=\"https:\/\/krol-abram.fr\/wp-content\/uploads\/1147-le-chateau-burgel-23.jpg 557w, https:\/\/krol-abram.fr\/wp-content\/uploads\/1147-le-chateau-burgel-23-300x253.jpg 300w\" sizes=\"auto, (max-width: 557px) 100vw, 557px\" \/><figcaption>B\u00dcRGEL _ L&rsquo;entente nocturne<\/figcaption><\/figure><\/div>\n\n\n\n<div class=\"wp-block-image\"><figure class=\"aligncenter size-large\"><img loading=\"lazy\" decoding=\"async\" width=\"557\" height=\"469\" src=\"https:\/\/krol-abram.fr\/wp-content\/uploads\/1148-le-chateau-le-dossier-manquant-24.jpg\" alt=\"\" class=\"wp-image-3046\" srcset=\"https:\/\/krol-abram.fr\/wp-content\/uploads\/1148-le-chateau-le-dossier-manquant-24.jpg 557w, https:\/\/krol-abram.fr\/wp-content\/uploads\/1148-le-chateau-le-dossier-manquant-24-300x253.jpg 300w\" sizes=\"auto, (max-width: 557px) 100vw, 557px\" \/><figcaption>LE DOSSIER MANQUANT <\/figcaption><\/figure><\/div>\n\n\n\n<div class=\"wp-block-image\"><figure class=\"aligncenter size-large\"><img loading=\"lazy\" decoding=\"async\" width=\"557\" height=\"466\" src=\"https:\/\/krol-abram.fr\/wp-content\/uploads\/1149-le-chateau-la-robe-de-pepi-25.jpg\" alt=\"\" class=\"wp-image-3047\" srcset=\"https:\/\/krol-abram.fr\/wp-content\/uploads\/1149-le-chateau-la-robe-de-pepi-25.jpg 557w, https:\/\/krol-abram.fr\/wp-content\/uploads\/1149-le-chateau-la-robe-de-pepi-25-300x251.jpg 300w\" sizes=\"auto, (max-width: 557px) 100vw, 557px\" \/><figcaption>LA ROBE DE PEPI<\/figcaption><\/figure><\/div>\n","protected":false},"excerpt":{"rendered":"","protected":false},"author":1,"featured_media":0,"parent":0,"menu_order":0,"comment_status":"closed","ping_status":"closed","template":"","meta":{"footnotes":""},"class_list":["post-3020","page","type-page","status-publish","hentry","entry"],"yoast_head":"<!-- This site is optimized with the Yoast SEO plugin v27.3 - https:\/\/yoast.com\/product\/yoast-seo-wordpress\/ -->\n<title>Le Ch\u00e2teau - Abram KROL<\/title>\n<meta name=\"robots\" content=\"index, follow, max-snippet:-1, max-image-preview:large, max-video-preview:-1\" \/>\n<link rel=\"canonical\" href=\"https:\/\/krol-abram.fr\/?page_id=3020\" \/>\n<meta property=\"og:locale\" content=\"fr_FR\" \/>\n<meta property=\"og:type\" content=\"article\" \/>\n<meta property=\"og:title\" content=\"Le Ch\u00e2teau - Abram KROL\" \/>\n<meta property=\"og:url\" content=\"https:\/\/krol-abram.fr\/?page_id=3020\" \/>\n<meta property=\"og:site_name\" content=\"Abram KROL\" \/>\n<meta property=\"og:image\" content=\"https:\/\/krol-abram.fr\/wp-content\/uploads\/le-chateau-sommaire-1.jpg\" \/>\n<meta name=\"twitter:card\" content=\"summary_large_image\" \/>\n<meta name=\"twitter:label1\" content=\"Dur\u00e9e de lecture estim\u00e9e\" \/>\n\t<meta name=\"twitter:data1\" content=\"1 minute\" \/>\n<script type=\"application\/ld+json\" class=\"yoast-schema-graph\">{\"@context\":\"https:\\\/\\\/schema.org\",\"@graph\":[{\"@type\":\"WebPage\",\"@id\":\"https:\\\/\\\/krol-abram.fr\\\/?page_id=3020\",\"url\":\"https:\\\/\\\/krol-abram.fr\\\/?page_id=3020\",\"name\":\"Le Ch\u00e2teau - Abram KROL\",\"isPartOf\":{\"@id\":\"https:\\\/\\\/krol-abram.fr\\\/#website\"},\"primaryImageOfPage\":{\"@id\":\"https:\\\/\\\/krol-abram.fr\\\/?page_id=3020#primaryimage\"},\"image\":{\"@id\":\"https:\\\/\\\/krol-abram.fr\\\/?page_id=3020#primaryimage\"},\"thumbnailUrl\":\"https:\\\/\\\/krol-abram.fr\\\/wp-content\\\/uploads\\\/le-chateau-sommaire-1.jpg\",\"datePublished\":\"2021-05-26T15:16:54+00:00\",\"breadcrumb\":{\"@id\":\"https:\\\/\\\/krol-abram.fr\\\/?page_id=3020#breadcrumb\"},\"inLanguage\":\"fr-FR\",\"potentialAction\":[{\"@type\":\"ReadAction\",\"target\":[\"https:\\\/\\\/krol-abram.fr\\\/?page_id=3020\"]}]},{\"@type\":\"ImageObject\",\"inLanguage\":\"fr-FR\",\"@id\":\"https:\\\/\\\/krol-abram.fr\\\/?page_id=3020#primaryimage\",\"url\":\"https:\\\/\\\/krol-abram.fr\\\/wp-content\\\/uploads\\\/le-chateau-sommaire-1.jpg\",\"contentUrl\":\"https:\\\/\\\/krol-abram.fr\\\/wp-content\\\/uploads\\\/le-chateau-sommaire-1.jpg\",\"width\":800,\"height\":637},{\"@type\":\"BreadcrumbList\",\"@id\":\"https:\\\/\\\/krol-abram.fr\\\/?page_id=3020#breadcrumb\",\"itemListElement\":[{\"@type\":\"ListItem\",\"position\":1,\"name\":\"Accueil\",\"item\":\"https:\\\/\\\/krol-abram.fr\\\/\"},{\"@type\":\"ListItem\",\"position\":2,\"name\":\"Le Ch\u00e2teau\"}]},{\"@type\":\"WebSite\",\"@id\":\"https:\\\/\\\/krol-abram.fr\\\/#website\",\"url\":\"https:\\\/\\\/krol-abram.fr\\\/\",\"name\":\"Abram KROL\",\"description\":\"artiste peintre-graveur\",\"potentialAction\":[{\"@type\":\"SearchAction\",\"target\":{\"@type\":\"EntryPoint\",\"urlTemplate\":\"https:\\\/\\\/krol-abram.fr\\\/?s={search_term_string}\"},\"query-input\":{\"@type\":\"PropertyValueSpecification\",\"valueRequired\":true,\"valueName\":\"search_term_string\"}}],\"inLanguage\":\"fr-FR\"}]}<\/script>\n<!-- \/ Yoast SEO plugin. -->","yoast_head_json":{"title":"Le Ch\u00e2teau - Abram KROL","robots":{"index":"index","follow":"follow","max-snippet":"max-snippet:-1","max-image-preview":"max-image-preview:large","max-video-preview":"max-video-preview:-1"},"canonical":"https:\/\/krol-abram.fr\/?page_id=3020","og_locale":"fr_FR","og_type":"article","og_title":"Le Ch\u00e2teau - Abram KROL","og_url":"https:\/\/krol-abram.fr\/?page_id=3020","og_site_name":"Abram KROL","og_image":[{"url":"https:\/\/krol-abram.fr\/wp-content\/uploads\/le-chateau-sommaire-1.jpg","type":"","width":"","height":""}],"twitter_card":"summary_large_image","twitter_misc":{"Dur\u00e9e de lecture estim\u00e9e":"1 minute"},"schema":{"@context":"https:\/\/schema.org","@graph":[{"@type":"WebPage","@id":"https:\/\/krol-abram.fr\/?page_id=3020","url":"https:\/\/krol-abram.fr\/?page_id=3020","name":"Le Ch\u00e2teau - Abram KROL","isPartOf":{"@id":"https:\/\/krol-abram.fr\/#website"},"primaryImageOfPage":{"@id":"https:\/\/krol-abram.fr\/?page_id=3020#primaryimage"},"image":{"@id":"https:\/\/krol-abram.fr\/?page_id=3020#primaryimage"},"thumbnailUrl":"https:\/\/krol-abram.fr\/wp-content\/uploads\/le-chateau-sommaire-1.jpg","datePublished":"2021-05-26T15:16:54+00:00","breadcrumb":{"@id":"https:\/\/krol-abram.fr\/?page_id=3020#breadcrumb"},"inLanguage":"fr-FR","potentialAction":[{"@type":"ReadAction","target":["https:\/\/krol-abram.fr\/?page_id=3020"]}]},{"@type":"ImageObject","inLanguage":"fr-FR","@id":"https:\/\/krol-abram.fr\/?page_id=3020#primaryimage","url":"https:\/\/krol-abram.fr\/wp-content\/uploads\/le-chateau-sommaire-1.jpg","contentUrl":"https:\/\/krol-abram.fr\/wp-content\/uploads\/le-chateau-sommaire-1.jpg","width":800,"height":637},{"@type":"BreadcrumbList","@id":"https:\/\/krol-abram.fr\/?page_id=3020#breadcrumb","itemListElement":[{"@type":"ListItem","position":1,"name":"Accueil","item":"https:\/\/krol-abram.fr\/"},{"@type":"ListItem","position":2,"name":"Le Ch\u00e2teau"}]},{"@type":"WebSite","@id":"https:\/\/krol-abram.fr\/#website","url":"https:\/\/krol-abram.fr\/","name":"Abram KROL","description":"artiste peintre-graveur","potentialAction":[{"@type":"SearchAction","target":{"@type":"EntryPoint","urlTemplate":"https:\/\/krol-abram.fr\/?s={search_term_string}"},"query-input":{"@type":"PropertyValueSpecification","valueRequired":true,"valueName":"search_term_string"}}],"inLanguage":"fr-FR"}]}},"_links":{"self":[{"href":"https:\/\/krol-abram.fr\/index.php?rest_route=\/wp\/v2\/pages\/3020","targetHints":{"allow":["GET"]}}],"collection":[{"href":"https:\/\/krol-abram.fr\/index.php?rest_route=\/wp\/v2\/pages"}],"about":[{"href":"https:\/\/krol-abram.fr\/index.php?rest_route=\/wp\/v2\/types\/page"}],"author":[{"embeddable":true,"href":"https:\/\/krol-abram.fr\/index.php?rest_route=\/wp\/v2\/users\/1"}],"replies":[{"embeddable":true,"href":"https:\/\/krol-abram.fr\/index.php?rest_route=%2Fwp%2Fv2%2Fcomments&post=3020"}],"version-history":[{"count":1,"href":"https:\/\/krol-abram.fr\/index.php?rest_route=\/wp\/v2\/pages\/3020\/revisions"}],"predecessor-version":[{"id":3049,"href":"https:\/\/krol-abram.fr\/index.php?rest_route=\/wp\/v2\/pages\/3020\/revisions\/3049"}],"wp:attachment":[{"href":"https:\/\/krol-abram.fr\/index.php?rest_route=%2Fwp%2Fv2%2Fmedia&parent=3020"}],"curies":[{"name":"wp","href":"https:\/\/api.w.org\/{rel}","templated":true}]}}