{"id":3105,"date":"2021-05-28T09:31:28","date_gmt":"2021-05-28T07:31:28","guid":{"rendered":"https:\/\/krol-abram.fr\/?page_id=3105"},"modified":"2021-09-13T10:02:54","modified_gmt":"2021-09-13T08:02:54","slug":"cartes-de-voeux","status":"publish","type":"page","link":"https:\/\/krol-abram.fr\/?page_id=3105","title":{"rendered":"Cartes de v\u0153ux"},"content":{"rendered":"\n<figure class=\"wp-block-image size-large\"><img loading=\"lazy\" decoding=\"async\" width=\"1024\" height=\"781\" src=\"https:\/\/krol-abram.fr\/wp-content\/uploads\/0223-voeux-atelier-16-1024x781-1.jpg\" alt=\"\" class=\"wp-image-3350\" srcset=\"https:\/\/krol-abram.fr\/wp-content\/uploads\/0223-voeux-atelier-16-1024x781-1.jpg 1024w, https:\/\/krol-abram.fr\/wp-content\/uploads\/0223-voeux-atelier-16-1024x781-1-300x229.jpg 300w, https:\/\/krol-abram.fr\/wp-content\/uploads\/0223-voeux-atelier-16-1024x781-1-768x586.jpg 768w\" sizes=\"auto, (max-width: 1024px) 100vw, 1024px\" \/><figcaption>V\u0153ux de l\u2019Atelier 16 (1953) 12,3cm x 5,1cm<\/figcaption><\/figure>\n\n\n\n<div class=\"wp-block-image\"><figure class=\"aligncenter size-large\"><img loading=\"lazy\" decoding=\"async\" width=\"800\" height=\"650\" src=\"https:\/\/krol-abram.fr\/wp-content\/uploads\/0302-le-cerf-voeux-1955-130-104-1.jpg\" alt=\"\" class=\"wp-image-3106\" srcset=\"https:\/\/krol-abram.fr\/wp-content\/uploads\/0302-le-cerf-voeux-1955-130-104-1.jpg 800w, https:\/\/krol-abram.fr\/wp-content\/uploads\/0302-le-cerf-voeux-1955-130-104-1-300x244.jpg 300w, https:\/\/krol-abram.fr\/wp-content\/uploads\/0302-le-cerf-voeux-1955-130-104-1-768x624.jpg 768w\" sizes=\"auto, (max-width: 800px) 100vw, 800px\" \/><figcaption><strong>Le cerf <\/strong>burin d\u00e9tour\u00e9 (carte de v\u0153ux 1955) 13cm x 10,4cm<\/figcaption><\/figure><\/div>\n\n\n\n<div class=\"wp-block-image\"><figure class=\"aligncenter size-large\"><img loading=\"lazy\" decoding=\"async\" width=\"671\" height=\"900\" src=\"https:\/\/krol-abram.fr\/wp-content\/uploads\/0303-le-faisan-voeux-salomon-1955-117-156.jpg\" alt=\"\" class=\"wp-image-3107\" srcset=\"https:\/\/krol-abram.fr\/wp-content\/uploads\/0303-le-faisan-voeux-salomon-1955-117-156.jpg 671w, https:\/\/krol-abram.fr\/wp-content\/uploads\/0303-le-faisan-voeux-salomon-1955-117-156-224x300.jpg 224w\" sizes=\"auto, (max-width: 671px) 100vw, 671px\" \/><figcaption><strong>Le faisan <\/strong>(carte de v\u0153ux d&rsquo;Andr\u00e9 Salomon 1955) 11,7cm x 15,6cm<\/figcaption><\/figure><\/div>\n\n\n\n<div class=\"wp-block-image\"><figure class=\"aligncenter size-large\"><img loading=\"lazy\" decoding=\"async\" width=\"800\" height=\"271\" src=\"https:\/\/krol-abram.fr\/wp-content\/uploads\/0304-le-petit-pigeon-voeux-1956-200-53-1.jpg\" alt=\"\" class=\"wp-image-3109\" srcset=\"https:\/\/krol-abram.fr\/wp-content\/uploads\/0304-le-petit-pigeon-voeux-1956-200-53-1.jpg 800w, https:\/\/krol-abram.fr\/wp-content\/uploads\/0304-le-petit-pigeon-voeux-1956-200-53-1-300x102.jpg 300w, https:\/\/krol-abram.fr\/wp-content\/uploads\/0304-le-petit-pigeon-voeux-1956-200-53-1-768x260.jpg 768w\" sizes=\"auto, (max-width: 800px) 100vw, 800px\" \/><figcaption><strong>Le petit pigeon <\/strong>burin d\u00e9tour\u00e9 (carte de v\u0153ux 1956) 20cm x 5,3cm<\/figcaption><\/figure><\/div>\n\n\n\n<div class=\"wp-block-image\"><figure class=\"aligncenter size-large\"><img loading=\"lazy\" decoding=\"async\" width=\"771\" height=\"900\" src=\"https:\/\/krol-abram.fr\/wp-content\/uploads\/0332-pere-et-lenfant-voeux-PAG-1956-107-113.jpg\" alt=\"\" class=\"wp-image-3116\" srcset=\"https:\/\/krol-abram.fr\/wp-content\/uploads\/0332-pere-et-lenfant-voeux-PAG-1956-107-113.jpg 771w, https:\/\/krol-abram.fr\/wp-content\/uploads\/0332-pere-et-lenfant-voeux-PAG-1956-107-113-257x300.jpg 257w, https:\/\/krol-abram.fr\/wp-content\/uploads\/0332-pere-et-lenfant-voeux-PAG-1956-107-113-768x896.jpg 768w\" sizes=\"auto, (max-width: 771px) 100vw, 771px\" \/><figcaption><strong>P\u00e8re et l&rsquo;enfant <\/strong>(carte de v\u0153ux pour Paris Arts Gallery 1956) 10,7cm x 11,3cm<\/figcaption><\/figure><\/div>\n\n\n\n<div class=\"wp-block-image\"><figure class=\"aligncenter size-large\"><img loading=\"lazy\" decoding=\"async\" width=\"800\" height=\"664\" src=\"https:\/\/krol-abram.fr\/wp-content\/uploads\/0347-le-pont-neuf-voeux-de-la-banque-jordan-1957-154-126.jpg\" alt=\"\" class=\"wp-image-3120\" srcset=\"https:\/\/krol-abram.fr\/wp-content\/uploads\/0347-le-pont-neuf-voeux-de-la-banque-jordan-1957-154-126.jpg 800w, https:\/\/krol-abram.fr\/wp-content\/uploads\/0347-le-pont-neuf-voeux-de-la-banque-jordan-1957-154-126-300x249.jpg 300w, https:\/\/krol-abram.fr\/wp-content\/uploads\/0347-le-pont-neuf-voeux-de-la-banque-jordan-1957-154-126-768x637.jpg 768w\" sizes=\"auto, (max-width: 800px) 100vw, 800px\" \/><figcaption><strong>Le Pont Neuf<\/strong> (carte de v\u0153ux de la banque Jordan 1957) 15 ,4cm x 12,6cm<\/figcaption><\/figure><\/div>\n\n\n\n<div class=\"wp-block-image\"><figure class=\"aligncenter size-large\"><img loading=\"lazy\" decoding=\"async\" width=\"370\" height=\"900\" src=\"https:\/\/krol-abram.fr\/wp-content\/uploads\/0358-petit-coq-voeux.jpg\" alt=\"\" class=\"wp-image-3135\" srcset=\"https:\/\/krol-abram.fr\/wp-content\/uploads\/0358-petit-coq-voeux.jpg 370w, https:\/\/krol-abram.fr\/wp-content\/uploads\/0358-petit-coq-voeux-123x300.jpg 123w\" sizes=\"auto, (max-width: 370px) 100vw, 370px\" \/><figcaption>Petit coq (carte de v\u0153ux 1958) <\/figcaption><\/figure><\/div>\n\n\n\n<div class=\"wp-block-image\"><figure class=\"aligncenter size-large\"><img loading=\"lazy\" decoding=\"async\" width=\"722\" height=\"900\" src=\"https:\/\/krol-abram.fr\/wp-content\/uploads\/0394-loiseau-blesse-voeux.jpg\" alt=\"\" class=\"wp-image-3123\" srcset=\"https:\/\/krol-abram.fr\/wp-content\/uploads\/0394-loiseau-blesse-voeux.jpg 722w, https:\/\/krol-abram.fr\/wp-content\/uploads\/0394-loiseau-blesse-voeux-241x300.jpg 241w\" sizes=\"auto, (max-width: 722px) 100vw, 722px\" \/><figcaption><strong>L&rsquo;oiseau bless\u00e9 <\/strong>(carte de v\u0153ux 1959) 13cm x 16cm<\/figcaption><\/figure><\/div>\n\n\n\n<div class=\"wp-block-image\"><figure class=\"aligncenter size-large\"><img loading=\"lazy\" decoding=\"async\" width=\"800\" height=\"641\" src=\"https:\/\/krol-abram.fr\/wp-content\/uploads\/0512-petits-messagers-voeux.jpg\" alt=\"\" class=\"wp-image-3132\" srcset=\"https:\/\/krol-abram.fr\/wp-content\/uploads\/0512-petits-messagers-voeux.jpg 800w, https:\/\/krol-abram.fr\/wp-content\/uploads\/0512-petits-messagers-voeux-300x240.jpg 300w, https:\/\/krol-abram.fr\/wp-content\/uploads\/0512-petits-messagers-voeux-768x615.jpg 768w\" sizes=\"auto, (max-width: 800px) 100vw, 800px\" \/><figcaption><strong>Petits messagers<\/strong> burin d\u00e9tour\u00e9 (carte de v\u0153ux 1961) 17cm x 12cm<\/figcaption><\/figure><\/div>\n\n\n\n<div class=\"wp-block-image\"><figure class=\"aligncenter size-large\"><img loading=\"lazy\" decoding=\"async\" width=\"536\" height=\"900\" src=\"https:\/\/krol-abram.fr\/wp-content\/uploads\/0875-nu-assis-callier-voeux.jpg\" alt=\"\" class=\"wp-image-3141\" srcset=\"https:\/\/krol-abram.fr\/wp-content\/uploads\/0875-nu-assis-callier-voeux.jpg 536w, https:\/\/krol-abram.fr\/wp-content\/uploads\/0875-nu-assis-callier-voeux-179x300.jpg 179w\" sizes=\"auto, (max-width: 536px) 100vw, 536px\" \/><figcaption>Nu assis (carte de v\u0153ux de Pierre Cailler 1970) 7cm x 12cm<\/figcaption><\/figure><\/div>\n","protected":false},"excerpt":{"rendered":"","protected":false},"author":1,"featured_media":0,"parent":0,"menu_order":0,"comment_status":"closed","ping_status":"closed","template":"","meta":{"footnotes":""},"class_list":["post-3105","page","type-page","status-publish","hentry","entry"],"yoast_head":"<!-- This site is optimized with the Yoast SEO plugin v27.3 - https:\/\/yoast.com\/product\/yoast-seo-wordpress\/ -->\n<title>Cartes de v\u0153ux - Abram KROL<\/title>\n<meta name=\"robots\" content=\"index, follow, max-snippet:-1, max-image-preview:large, max-video-preview:-1\" \/>\n<link rel=\"canonical\" href=\"https:\/\/krol-abram.fr\/?page_id=3105\" \/>\n<meta property=\"og:locale\" content=\"fr_FR\" \/>\n<meta property=\"og:type\" content=\"article\" \/>\n<meta property=\"og:title\" content=\"Cartes de v\u0153ux - Abram KROL\" \/>\n<meta property=\"og:url\" content=\"https:\/\/krol-abram.fr\/?page_id=3105\" \/>\n<meta property=\"og:site_name\" content=\"Abram KROL\" \/>\n<meta property=\"article:modified_time\" content=\"2021-09-13T08:02:54+00:00\" \/>\n<meta property=\"og:image\" content=\"https:\/\/krol-abram.fr\/wp-content\/uploads\/0223-voeux-atelier-16-1024x781-1.jpg\" \/>\n<meta name=\"twitter:card\" content=\"summary_large_image\" \/>\n<meta name=\"twitter:label1\" content=\"Dur\u00e9e de lecture estim\u00e9e\" \/>\n\t<meta name=\"twitter:data1\" content=\"1 minute\" \/>\n<script type=\"application\/ld+json\" class=\"yoast-schema-graph\">{\"@context\":\"https:\\\/\\\/schema.org\",\"@graph\":[{\"@type\":\"WebPage\",\"@id\":\"https:\\\/\\\/krol-abram.fr\\\/?page_id=3105\",\"url\":\"https:\\\/\\\/krol-abram.fr\\\/?page_id=3105\",\"name\":\"Cartes de v\u0153ux - Abram KROL\",\"isPartOf\":{\"@id\":\"https:\\\/\\\/krol-abram.fr\\\/#website\"},\"primaryImageOfPage\":{\"@id\":\"https:\\\/\\\/krol-abram.fr\\\/?page_id=3105#primaryimage\"},\"image\":{\"@id\":\"https:\\\/\\\/krol-abram.fr\\\/?page_id=3105#primaryimage\"},\"thumbnailUrl\":\"https:\\\/\\\/krol-abram.fr\\\/wp-content\\\/uploads\\\/0223-voeux-atelier-16-1024x781-1.jpg\",\"datePublished\":\"2021-05-28T07:31:28+00:00\",\"dateModified\":\"2021-09-13T08:02:54+00:00\",\"breadcrumb\":{\"@id\":\"https:\\\/\\\/krol-abram.fr\\\/?page_id=3105#breadcrumb\"},\"inLanguage\":\"fr-FR\",\"potentialAction\":[{\"@type\":\"ReadAction\",\"target\":[\"https:\\\/\\\/krol-abram.fr\\\/?page_id=3105\"]}]},{\"@type\":\"ImageObject\",\"inLanguage\":\"fr-FR\",\"@id\":\"https:\\\/\\\/krol-abram.fr\\\/?page_id=3105#primaryimage\",\"url\":\"https:\\\/\\\/krol-abram.fr\\\/wp-content\\\/uploads\\\/0223-voeux-atelier-16-1024x781-1.jpg\",\"contentUrl\":\"https:\\\/\\\/krol-abram.fr\\\/wp-content\\\/uploads\\\/0223-voeux-atelier-16-1024x781-1.jpg\",\"width\":1024,\"height\":781},{\"@type\":\"BreadcrumbList\",\"@id\":\"https:\\\/\\\/krol-abram.fr\\\/?page_id=3105#breadcrumb\",\"itemListElement\":[{\"@type\":\"ListItem\",\"position\":1,\"name\":\"Accueil\",\"item\":\"https:\\\/\\\/krol-abram.fr\\\/\"},{\"@type\":\"ListItem\",\"position\":2,\"name\":\"Cartes de v\u0153ux\"}]},{\"@type\":\"WebSite\",\"@id\":\"https:\\\/\\\/krol-abram.fr\\\/#website\",\"url\":\"https:\\\/\\\/krol-abram.fr\\\/\",\"name\":\"Abram KROL\",\"description\":\"artiste peintre-graveur\",\"potentialAction\":[{\"@type\":\"SearchAction\",\"target\":{\"@type\":\"EntryPoint\",\"urlTemplate\":\"https:\\\/\\\/krol-abram.fr\\\/?s={search_term_string}\"},\"query-input\":{\"@type\":\"PropertyValueSpecification\",\"valueRequired\":true,\"valueName\":\"search_term_string\"}}],\"inLanguage\":\"fr-FR\"}]}<\/script>\n<!-- \/ Yoast SEO plugin. -->","yoast_head_json":{"title":"Cartes de v\u0153ux - Abram KROL","robots":{"index":"index","follow":"follow","max-snippet":"max-snippet:-1","max-image-preview":"max-image-preview:large","max-video-preview":"max-video-preview:-1"},"canonical":"https:\/\/krol-abram.fr\/?page_id=3105","og_locale":"fr_FR","og_type":"article","og_title":"Cartes de v\u0153ux - Abram KROL","og_url":"https:\/\/krol-abram.fr\/?page_id=3105","og_site_name":"Abram KROL","article_modified_time":"2021-09-13T08:02:54+00:00","og_image":[{"url":"https:\/\/krol-abram.fr\/wp-content\/uploads\/0223-voeux-atelier-16-1024x781-1.jpg","type":"","width":"","height":""}],"twitter_card":"summary_large_image","twitter_misc":{"Dur\u00e9e de lecture estim\u00e9e":"1 minute"},"schema":{"@context":"https:\/\/schema.org","@graph":[{"@type":"WebPage","@id":"https:\/\/krol-abram.fr\/?page_id=3105","url":"https:\/\/krol-abram.fr\/?page_id=3105","name":"Cartes de v\u0153ux - Abram KROL","isPartOf":{"@id":"https:\/\/krol-abram.fr\/#website"},"primaryImageOfPage":{"@id":"https:\/\/krol-abram.fr\/?page_id=3105#primaryimage"},"image":{"@id":"https:\/\/krol-abram.fr\/?page_id=3105#primaryimage"},"thumbnailUrl":"https:\/\/krol-abram.fr\/wp-content\/uploads\/0223-voeux-atelier-16-1024x781-1.jpg","datePublished":"2021-05-28T07:31:28+00:00","dateModified":"2021-09-13T08:02:54+00:00","breadcrumb":{"@id":"https:\/\/krol-abram.fr\/?page_id=3105#breadcrumb"},"inLanguage":"fr-FR","potentialAction":[{"@type":"ReadAction","target":["https:\/\/krol-abram.fr\/?page_id=3105"]}]},{"@type":"ImageObject","inLanguage":"fr-FR","@id":"https:\/\/krol-abram.fr\/?page_id=3105#primaryimage","url":"https:\/\/krol-abram.fr\/wp-content\/uploads\/0223-voeux-atelier-16-1024x781-1.jpg","contentUrl":"https:\/\/krol-abram.fr\/wp-content\/uploads\/0223-voeux-atelier-16-1024x781-1.jpg","width":1024,"height":781},{"@type":"BreadcrumbList","@id":"https:\/\/krol-abram.fr\/?page_id=3105#breadcrumb","itemListElement":[{"@type":"ListItem","position":1,"name":"Accueil","item":"https:\/\/krol-abram.fr\/"},{"@type":"ListItem","position":2,"name":"Cartes de v\u0153ux"}]},{"@type":"WebSite","@id":"https:\/\/krol-abram.fr\/#website","url":"https:\/\/krol-abram.fr\/","name":"Abram KROL","description":"artiste peintre-graveur","potentialAction":[{"@type":"SearchAction","target":{"@type":"EntryPoint","urlTemplate":"https:\/\/krol-abram.fr\/?s={search_term_string}"},"query-input":{"@type":"PropertyValueSpecification","valueRequired":true,"valueName":"search_term_string"}}],"inLanguage":"fr-FR"}]}},"_links":{"self":[{"href":"https:\/\/krol-abram.fr\/index.php?rest_route=\/wp\/v2\/pages\/3105","targetHints":{"allow":["GET"]}}],"collection":[{"href":"https:\/\/krol-abram.fr\/index.php?rest_route=\/wp\/v2\/pages"}],"about":[{"href":"https:\/\/krol-abram.fr\/index.php?rest_route=\/wp\/v2\/types\/page"}],"author":[{"embeddable":true,"href":"https:\/\/krol-abram.fr\/index.php?rest_route=\/wp\/v2\/users\/1"}],"replies":[{"embeddable":true,"href":"https:\/\/krol-abram.fr\/index.php?rest_route=%2Fwp%2Fv2%2Fcomments&post=3105"}],"version-history":[{"count":12,"href":"https:\/\/krol-abram.fr\/index.php?rest_route=\/wp\/v2\/pages\/3105\/revisions"}],"predecessor-version":[{"id":3353,"href":"https:\/\/krol-abram.fr\/index.php?rest_route=\/wp\/v2\/pages\/3105\/revisions\/3353"}],"wp:attachment":[{"href":"https:\/\/krol-abram.fr\/index.php?rest_route=%2Fwp%2Fv2%2Fmedia&parent=3105"}],"curies":[{"name":"wp","href":"https:\/\/api.w.org\/{rel}","templated":true}]}}