{"id":3189,"date":"2021-05-29T20:49:23","date_gmt":"2021-05-29T18:49:23","guid":{"rendered":"https:\/\/krol-abram.fr\/?page_id=3189"},"modified":"2021-05-29T20:49:23","modified_gmt":"2021-05-29T18:49:23","slug":"melodies-hebraiques","status":"publish","type":"page","link":"https:\/\/krol-abram.fr\/?page_id=3189","title":{"rendered":"M\u00e9lodies h\u00e9bra\u00efques"},"content":{"rendered":"\n<div class=\"wp-block-image\"><figure class=\"aligncenter size-large\"><img loading=\"lazy\" decoding=\"async\" width=\"800\" height=\"547\" src=\"https:\/\/krol-abram.fr\/wp-content\/uploads\/byron-1.jpg\" alt=\"\" class=\"wp-image-3190\" srcset=\"https:\/\/krol-abram.fr\/wp-content\/uploads\/byron-1.jpg 800w, https:\/\/krol-abram.fr\/wp-content\/uploads\/byron-1-300x205.jpg 300w, https:\/\/krol-abram.fr\/wp-content\/uploads\/byron-1-768x525.jpg 768w\" sizes=\"auto, (max-width: 800px) 100vw, 800px\" \/><\/figure><\/div>\n\n\n\n<div class=\"wp-block-image\"><figure class=\"aligncenter size-large\"><img loading=\"lazy\" decoding=\"async\" width=\"800\" height=\"550\" src=\"https:\/\/krol-abram.fr\/wp-content\/uploads\/byron-2.jpg\" alt=\"\" class=\"wp-image-3191\" srcset=\"https:\/\/krol-abram.fr\/wp-content\/uploads\/byron-2.jpg 800w, https:\/\/krol-abram.fr\/wp-content\/uploads\/byron-2-300x206.jpg 300w, https:\/\/krol-abram.fr\/wp-content\/uploads\/byron-2-768x528.jpg 768w\" sizes=\"auto, (max-width: 800px) 100vw, 800px\" \/><\/figure><\/div>\n\n\n\n<div class=\"wp-block-image\"><figure class=\"aligncenter size-large\"><img loading=\"lazy\" decoding=\"async\" width=\"800\" height=\"552\" src=\"https:\/\/krol-abram.fr\/wp-content\/uploads\/byron-3.jpg\" alt=\"\" class=\"wp-image-3192\" srcset=\"https:\/\/krol-abram.fr\/wp-content\/uploads\/byron-3.jpg 800w, https:\/\/krol-abram.fr\/wp-content\/uploads\/byron-3-300x207.jpg 300w, https:\/\/krol-abram.fr\/wp-content\/uploads\/byron-3-768x530.jpg 768w\" sizes=\"auto, (max-width: 800px) 100vw, 800px\" \/><\/figure><\/div>\n\n\n\n<div class=\"wp-block-image\"><figure class=\"aligncenter size-large\"><img loading=\"lazy\" decoding=\"async\" width=\"800\" height=\"578\" src=\"https:\/\/krol-abram.fr\/wp-content\/uploads\/byron-4.jpg\" alt=\"\" class=\"wp-image-3193\" srcset=\"https:\/\/krol-abram.fr\/wp-content\/uploads\/byron-4.jpg 800w, https:\/\/krol-abram.fr\/wp-content\/uploads\/byron-4-300x217.jpg 300w, https:\/\/krol-abram.fr\/wp-content\/uploads\/byron-4-768x555.jpg 768w\" sizes=\"auto, (max-width: 800px) 100vw, 800px\" \/><figcaption>    <\/figcaption><\/figure><\/div>\n\n\n\n<div class=\"wp-block-image\"><figure class=\"aligncenter size-large\"><img loading=\"lazy\" decoding=\"async\" width=\"557\" height=\"545\" src=\"https:\/\/krol-abram.fr\/wp-content\/uploads\/1199-byron-elle-marche-en-beaute-1.jpg\" alt=\"\" class=\"wp-image-3194\" srcset=\"https:\/\/krol-abram.fr\/wp-content\/uploads\/1199-byron-elle-marche-en-beaute-1.jpg 557w, https:\/\/krol-abram.fr\/wp-content\/uploads\/1199-byron-elle-marche-en-beaute-1-300x294.jpg 300w\" sizes=\"auto, (max-width: 557px) 100vw, 557px\" \/><figcaption>She walks in beauty.<\/figcaption><\/figure><\/div>\n\n\n\n<div class=\"wp-block-image\"><figure class=\"aligncenter size-large\"><img loading=\"lazy\" decoding=\"async\" width=\"557\" height=\"549\" src=\"https:\/\/krol-abram.fr\/wp-content\/uploads\/1200-byron-la-harpe-du-roi-menestrel-fait-vibrer-2.jpg\" alt=\"\" class=\"wp-image-3196\" srcset=\"https:\/\/krol-abram.fr\/wp-content\/uploads\/1200-byron-la-harpe-du-roi-menestrel-fait-vibrer-2.jpg 557w, https:\/\/krol-abram.fr\/wp-content\/uploads\/1200-byron-la-harpe-du-roi-menestrel-fait-vibrer-2-300x296.jpg 300w\" sizes=\"auto, (max-width: 557px) 100vw, 557px\" \/><figcaption>   The harp the monarch ministrel swept.<\/figcaption><\/figure><\/div>\n\n\n\n<div class=\"wp-block-image\"><figure class=\"aligncenter size-large\"><img loading=\"lazy\" decoding=\"async\" width=\"557\" height=\"545\" src=\"https:\/\/krol-abram.fr\/wp-content\/uploads\/1201-byron-si-ce-monde-au-dela-3.jpg\" alt=\"\" class=\"wp-image-3197\" srcset=\"https:\/\/krol-abram.fr\/wp-content\/uploads\/1201-byron-si-ce-monde-au-dela-3.jpg 557w, https:\/\/krol-abram.fr\/wp-content\/uploads\/1201-byron-si-ce-monde-au-dela-3-300x294.jpg 300w\" sizes=\"auto, (max-width: 557px) 100vw, 557px\" \/><figcaption>If that high world.<\/figcaption><\/figure><\/div>\n\n\n\n<div class=\"wp-block-image\"><figure class=\"aligncenter size-large\"><img loading=\"lazy\" decoding=\"async\" width=\"557\" height=\"549\" src=\"https:\/\/krol-abram.fr\/wp-content\/uploads\/1202-byron-la-gazelle-farouche-4.jpg\" alt=\"\" class=\"wp-image-3198\" srcset=\"https:\/\/krol-abram.fr\/wp-content\/uploads\/1202-byron-la-gazelle-farouche-4.jpg 557w, https:\/\/krol-abram.fr\/wp-content\/uploads\/1202-byron-la-gazelle-farouche-4-300x296.jpg 300w\" sizes=\"auto, (max-width: 557px) 100vw, 557px\" \/><figcaption>The wild gazelle.<\/figcaption><\/figure><\/div>\n\n\n\n<div class=\"wp-block-image\"><figure class=\"aligncenter size-large\"><img loading=\"lazy\" decoding=\"async\" width=\"557\" height=\"548\" src=\"https:\/\/krol-abram.fr\/wp-content\/uploads\/1203-byron-oh-pleurez-les-5.jpg\" alt=\"\" class=\"wp-image-3199\" srcset=\"https:\/\/krol-abram.fr\/wp-content\/uploads\/1203-byron-oh-pleurez-les-5.jpg 557w, https:\/\/krol-abram.fr\/wp-content\/uploads\/1203-byron-oh-pleurez-les-5-300x295.jpg 300w\" sizes=\"auto, (max-width: 557px) 100vw, 557px\" \/><figcaption>Oh ! Weep for those.<\/figcaption><\/figure><\/div>\n\n\n\n<div class=\"wp-block-image\"><figure class=\"aligncenter size-large\"><img loading=\"lazy\" decoding=\"async\" width=\"557\" height=\"548\" src=\"https:\/\/krol-abram.fr\/wp-content\/uploads\/1204-byron-sur-les-rives-du-jourdain-6.jpg\" alt=\"\" class=\"wp-image-3200\" srcset=\"https:\/\/krol-abram.fr\/wp-content\/uploads\/1204-byron-sur-les-rives-du-jourdain-6.jpg 557w, https:\/\/krol-abram.fr\/wp-content\/uploads\/1204-byron-sur-les-rives-du-jourdain-6-300x295.jpg 300w\" sizes=\"auto, (max-width: 557px) 100vw, 557px\" \/><figcaption>On Jordan&rsquo;s banks.<\/figcaption><\/figure><\/div>\n\n\n\n<div class=\"wp-block-image\"><figure class=\"aligncenter size-large\"><img loading=\"lazy\" decoding=\"async\" width=\"557\" height=\"552\" src=\"https:\/\/krol-abram.fr\/wp-content\/uploads\/1205-byron-la-fille-de-jethte-7.jpg\" alt=\"\" class=\"wp-image-3201\" srcset=\"https:\/\/krol-abram.fr\/wp-content\/uploads\/1205-byron-la-fille-de-jethte-7.jpg 557w, https:\/\/krol-abram.fr\/wp-content\/uploads\/1205-byron-la-fille-de-jethte-7-300x297.jpg 300w, https:\/\/krol-abram.fr\/wp-content\/uploads\/1205-byron-la-fille-de-jethte-7-150x150.jpg 150w\" sizes=\"auto, (max-width: 557px) 100vw, 557px\" \/><figcaption>Jephtha&rsquo;s daughter.<\/figcaption><\/figure><\/div>\n\n\n\n<div class=\"wp-block-image\"><figure class=\"aligncenter size-large\"><img loading=\"lazy\" decoding=\"async\" width=\"557\" height=\"565\" src=\"https:\/\/krol-abram.fr\/wp-content\/uploads\/1206-byron-oh-deracine-en-pleine-floraison-8.jpg\" alt=\"\" class=\"wp-image-3202\" srcset=\"https:\/\/krol-abram.fr\/wp-content\/uploads\/1206-byron-oh-deracine-en-pleine-floraison-8.jpg 557w, https:\/\/krol-abram.fr\/wp-content\/uploads\/1206-byron-oh-deracine-en-pleine-floraison-8-296x300.jpg 296w\" sizes=\"auto, (max-width: 557px) 100vw, 557px\" \/><figcaption>Oh ! snatch&rsquo;d away in beauty&rsquo;s bloom.<\/figcaption><\/figure><\/div>\n\n\n\n<div class=\"wp-block-image\"><figure class=\"aligncenter size-large\"><img loading=\"lazy\" decoding=\"async\" width=\"557\" height=\"547\" src=\"https:\/\/krol-abram.fr\/wp-content\/uploads\/1207-byron-mon-ame-est-peinee-9.jpg\" alt=\"\" class=\"wp-image-3203\" srcset=\"https:\/\/krol-abram.fr\/wp-content\/uploads\/1207-byron-mon-ame-est-peinee-9.jpg 557w, https:\/\/krol-abram.fr\/wp-content\/uploads\/1207-byron-mon-ame-est-peinee-9-300x295.jpg 300w\" sizes=\"auto, (max-width: 557px) 100vw, 557px\" \/><figcaption>My soul is dark.<\/figcaption><\/figure><\/div>\n\n\n\n<div class=\"wp-block-image\"><figure class=\"aligncenter size-large\"><img loading=\"lazy\" decoding=\"async\" width=\"557\" height=\"551\" src=\"https:\/\/krol-abram.fr\/wp-content\/uploads\/1208-byron-je-tai-vu-pleurer-10.jpg\" alt=\"\" class=\"wp-image-3204\" srcset=\"https:\/\/krol-abram.fr\/wp-content\/uploads\/1208-byron-je-tai-vu-pleurer-10.jpg 557w, https:\/\/krol-abram.fr\/wp-content\/uploads\/1208-byron-je-tai-vu-pleurer-10-300x297.jpg 300w\" sizes=\"auto, (max-width: 557px) 100vw, 557px\" \/><figcaption>I saw thee weep.<\/figcaption><\/figure><\/div>\n\n\n\n<div class=\"wp-block-image\"><figure class=\"aligncenter size-large\"><img loading=\"lazy\" decoding=\"async\" width=\"557\" height=\"549\" src=\"https:\/\/krol-abram.fr\/wp-content\/uploads\/1209-byron-tes-jours-revolus-11.jpg\" alt=\"\" class=\"wp-image-3205\" srcset=\"https:\/\/krol-abram.fr\/wp-content\/uploads\/1209-byron-tes-jours-revolus-11.jpg 557w, https:\/\/krol-abram.fr\/wp-content\/uploads\/1209-byron-tes-jours-revolus-11-300x296.jpg 300w\" sizes=\"auto, (max-width: 557px) 100vw, 557px\" \/><figcaption>Thy days are done.<\/figcaption><\/figure><\/div>\n\n\n\n<div class=\"wp-block-image\"><figure class=\"aligncenter size-large\"><img loading=\"lazy\" decoding=\"async\" width=\"557\" height=\"544\" src=\"https:\/\/krol-abram.fr\/wp-content\/uploads\/1210-byron-saul-12.jpg\" alt=\"\" class=\"wp-image-3206\" srcset=\"https:\/\/krol-abram.fr\/wp-content\/uploads\/1210-byron-saul-12.jpg 557w, https:\/\/krol-abram.fr\/wp-content\/uploads\/1210-byron-saul-12-300x293.jpg 300w\" sizes=\"auto, (max-width: 557px) 100vw, 557px\" \/><figcaption>Saul.<\/figcaption><\/figure><\/div>\n\n\n\n<div class=\"wp-block-image\"><figure class=\"aligncenter size-large\"><img loading=\"lazy\" decoding=\"async\" width=\"557\" height=\"555\" src=\"https:\/\/krol-abram.fr\/wp-content\/uploads\/1211-byron-cantique-de-saul-avant-sa-derniere-bataille-13.jpg\" alt=\"\" class=\"wp-image-3207\" srcset=\"https:\/\/krol-abram.fr\/wp-content\/uploads\/1211-byron-cantique-de-saul-avant-sa-derniere-bataille-13.jpg 557w, https:\/\/krol-abram.fr\/wp-content\/uploads\/1211-byron-cantique-de-saul-avant-sa-derniere-bataille-13-300x300.jpg 300w, https:\/\/krol-abram.fr\/wp-content\/uploads\/1211-byron-cantique-de-saul-avant-sa-derniere-bataille-13-150x150.jpg 150w\" sizes=\"auto, (max-width: 557px) 100vw, 557px\" \/><figcaption>Song of Saul before his last battle.<\/figcaption><\/figure><\/div>\n\n\n\n<div class=\"wp-block-image\"><figure class=\"aligncenter size-large\"><img loading=\"lazy\" decoding=\"async\" width=\"557\" height=\"549\" src=\"https:\/\/krol-abram.fr\/wp-content\/uploads\/1212-byron-tout-est-vanite-dit-le-precheur-14.jpg\" alt=\"\" class=\"wp-image-3208\" srcset=\"https:\/\/krol-abram.fr\/wp-content\/uploads\/1212-byron-tout-est-vanite-dit-le-precheur-14.jpg 557w, https:\/\/krol-abram.fr\/wp-content\/uploads\/1212-byron-tout-est-vanite-dit-le-precheur-14-300x296.jpg 300w\" sizes=\"auto, (max-width: 557px) 100vw, 557px\" \/><figcaption>\u02bbAll is vanity, saith the preacher&rsquo;<\/figcaption><\/figure><\/div>\n\n\n\n<div class=\"wp-block-image\"><figure class=\"aligncenter size-large\"><img loading=\"lazy\" decoding=\"async\" width=\"557\" height=\"549\" src=\"https:\/\/krol-abram.fr\/wp-content\/uploads\/1213-byron-quand-le-froid-envahit-cette-glaize-souffrante-15.jpg\" alt=\"\" class=\"wp-image-3209\" srcset=\"https:\/\/krol-abram.fr\/wp-content\/uploads\/1213-byron-quand-le-froid-envahit-cette-glaize-souffrante-15.jpg 557w, https:\/\/krol-abram.fr\/wp-content\/uploads\/1213-byron-quand-le-froid-envahit-cette-glaize-souffrante-15-300x296.jpg 300w\" sizes=\"auto, (max-width: 557px) 100vw, 557px\" \/><figcaption>When coldness wraps this suffering clay.<\/figcaption><\/figure><\/div>\n\n\n\n<div class=\"wp-block-image\"><figure class=\"aligncenter size-large\"><img loading=\"lazy\" decoding=\"async\" width=\"557\" height=\"541\" src=\"https:\/\/krol-abram.fr\/wp-content\/uploads\/1214-byron-vision-de-belshazzar-16.jpg\" alt=\"\" class=\"wp-image-3210\" srcset=\"https:\/\/krol-abram.fr\/wp-content\/uploads\/1214-byron-vision-de-belshazzar-16.jpg 557w, https:\/\/krol-abram.fr\/wp-content\/uploads\/1214-byron-vision-de-belshazzar-16-300x291.jpg 300w\" sizes=\"auto, (max-width: 557px) 100vw, 557px\" \/><figcaption>Vision of Belshazzar.<\/figcaption><\/figure><\/div>\n\n\n\n<div class=\"wp-block-image\"><figure class=\"aligncenter size-large\"><img loading=\"lazy\" decoding=\"async\" width=\"557\" height=\"554\" src=\"https:\/\/krol-abram.fr\/wp-content\/uploads\/1215-byron-le-soleil-des-sans-sommeils-17.jpg\" alt=\"\" class=\"wp-image-3211\" srcset=\"https:\/\/krol-abram.fr\/wp-content\/uploads\/1215-byron-le-soleil-des-sans-sommeils-17.jpg 557w, https:\/\/krol-abram.fr\/wp-content\/uploads\/1215-byron-le-soleil-des-sans-sommeils-17-300x298.jpg 300w, https:\/\/krol-abram.fr\/wp-content\/uploads\/1215-byron-le-soleil-des-sans-sommeils-17-150x150.jpg 150w\" sizes=\"auto, (max-width: 557px) 100vw, 557px\" \/><figcaption>Sun of the sleepless !<\/figcaption><\/figure><\/div>\n\n\n\n<div class=\"wp-block-image\"><figure class=\"aligncenter size-large\"><img loading=\"lazy\" decoding=\"async\" width=\"557\" height=\"544\" src=\"https:\/\/krol-abram.fr\/wp-content\/uploads\/1216-byron-mon-coeur-etait-il-aussi-perfide-que-tu-le-croyais-18.jpg\" alt=\"\" class=\"wp-image-3212\" srcset=\"https:\/\/krol-abram.fr\/wp-content\/uploads\/1216-byron-mon-coeur-etait-il-aussi-perfide-que-tu-le-croyais-18.jpg 557w, https:\/\/krol-abram.fr\/wp-content\/uploads\/1216-byron-mon-coeur-etait-il-aussi-perfide-que-tu-le-croyais-18-300x293.jpg 300w\" sizes=\"auto, (max-width: 557px) 100vw, 557px\" \/><figcaption>Were my bosom as false as thou deem&rsquo;st it to be.<\/figcaption><\/figure><\/div>\n\n\n\n<div class=\"wp-block-image\"><figure class=\"aligncenter size-large\"><img loading=\"lazy\" decoding=\"async\" width=\"557\" height=\"538\" src=\"https:\/\/krol-abram.fr\/wp-content\/uploads\/1217-byron-lamentation-de-herode-sur-mariamne-19.jpg\" alt=\"\" class=\"wp-image-3213\" srcset=\"https:\/\/krol-abram.fr\/wp-content\/uploads\/1217-byron-lamentation-de-herode-sur-mariamne-19.jpg 557w, https:\/\/krol-abram.fr\/wp-content\/uploads\/1217-byron-lamentation-de-herode-sur-mariamne-19-300x290.jpg 300w\" sizes=\"auto, (max-width: 557px) 100vw, 557px\" \/><figcaption>Herod&rsquo;s lament for Mariamne<\/figcaption><\/figure><\/div>\n\n\n\n<div class=\"wp-block-image\"><figure class=\"aligncenter size-large\"><img loading=\"lazy\" decoding=\"async\" width=\"557\" height=\"534\" src=\"https:\/\/krol-abram.fr\/wp-content\/uploads\/1218-byron-le-jour-de-la-destruction-de-Jerusalem-par-titus-20.jpg\" alt=\"\" class=\"wp-image-3214\" srcset=\"https:\/\/krol-abram.fr\/wp-content\/uploads\/1218-byron-le-jour-de-la-destruction-de-Jerusalem-par-titus-20.jpg 557w, https:\/\/krol-abram.fr\/wp-content\/uploads\/1218-byron-le-jour-de-la-destruction-de-Jerusalem-par-titus-20-300x288.jpg 300w\" sizes=\"auto, (max-width: 557px) 100vw, 557px\" \/><figcaption>On the day of the destruction of J\u00e9rusalem by Titus.<\/figcaption><\/figure><\/div>\n\n\n\n<div class=\"wp-block-image\"><figure class=\"aligncenter size-large\"><img loading=\"lazy\" decoding=\"async\" width=\"557\" height=\"545\" src=\"https:\/\/krol-abram.fr\/wp-content\/uploads\/1219-byron-au-bord-des-rivieres-a-babylone-assis-nous-pleurions-21.jpg\" alt=\"\" class=\"wp-image-3215\" srcset=\"https:\/\/krol-abram.fr\/wp-content\/uploads\/1219-byron-au-bord-des-rivieres-a-babylone-assis-nous-pleurions-21.jpg 557w, https:\/\/krol-abram.fr\/wp-content\/uploads\/1219-byron-au-bord-des-rivieres-a-babylone-assis-nous-pleurions-21-300x294.jpg 300w\" sizes=\"auto, (max-width: 557px) 100vw, 557px\" \/><figcaption>By the rivers of Babylon we sat down and wept.<\/figcaption><\/figure><\/div>\n\n\n\n<div class=\"wp-block-image\"><figure class=\"aligncenter size-large\"><img loading=\"lazy\" decoding=\"async\" width=\"557\" height=\"534\" src=\"https:\/\/krol-abram.fr\/wp-content\/uploads\/1220-byron-la-destruction-de-sennacherib-22.jpg\" alt=\"\" class=\"wp-image-3216\" srcset=\"https:\/\/krol-abram.fr\/wp-content\/uploads\/1220-byron-la-destruction-de-sennacherib-22.jpg 557w, https:\/\/krol-abram.fr\/wp-content\/uploads\/1220-byron-la-destruction-de-sennacherib-22-300x288.jpg 300w\" sizes=\"auto, (max-width: 557px) 100vw, 557px\" \/><figcaption>The destruction of Sennacherib.<\/figcaption><\/figure><\/div>\n\n\n\n<div class=\"wp-block-image\"><figure class=\"aligncenter size-large\"><img loading=\"lazy\" decoding=\"async\" width=\"557\" height=\"536\" src=\"https:\/\/krol-abram.fr\/wp-content\/uploads\/1221-byron-un-esprit-ma-effleure-23.jpg\" alt=\"\" class=\"wp-image-3217\" srcset=\"https:\/\/krol-abram.fr\/wp-content\/uploads\/1221-byron-un-esprit-ma-effleure-23.jpg 557w, https:\/\/krol-abram.fr\/wp-content\/uploads\/1221-byron-un-esprit-ma-effleure-23-300x289.jpg 300w\" sizes=\"auto, (max-width: 557px) 100vw, 557px\" \/><figcaption>A spirit pass&rsquo;d before me.<\/figcaption><\/figure><\/div>\n\n\n\n<div class=\"wp-block-image\"><figure class=\"aligncenter size-large\"><img loading=\"lazy\" decoding=\"async\" width=\"557\" height=\"544\" src=\"https:\/\/krol-abram.fr\/wp-content\/uploads\/1200-bis-byron-refusee.jpg\" alt=\"\" class=\"wp-image-3195\" srcset=\"https:\/\/krol-abram.fr\/wp-content\/uploads\/1200-bis-byron-refusee.jpg 557w, https:\/\/krol-abram.fr\/wp-content\/uploads\/1200-bis-byron-refusee-300x293.jpg 300w\" sizes=\"auto, (max-width: 557px) 100vw, 557px\" \/><figcaption>gravure refus\u00e9e<\/figcaption><\/figure><\/div>\n","protected":false},"excerpt":{"rendered":"","protected":false},"author":1,"featured_media":0,"parent":0,"menu_order":0,"comment_status":"closed","ping_status":"closed","template":"","meta":{"footnotes":""},"class_list":["post-3189","page","type-page","status-publish","hentry","entry"],"yoast_head":"<!-- This site is optimized with the Yoast SEO plugin v27.3 - https:\/\/yoast.com\/product\/yoast-seo-wordpress\/ -->\n<title>M\u00e9lodies h\u00e9bra\u00efques - Abram KROL<\/title>\n<meta name=\"robots\" content=\"index, follow, max-snippet:-1, max-image-preview:large, max-video-preview:-1\" \/>\n<link rel=\"canonical\" href=\"https:\/\/krol-abram.fr\/?page_id=3189\" \/>\n<meta property=\"og:locale\" content=\"fr_FR\" \/>\n<meta property=\"og:type\" content=\"article\" \/>\n<meta property=\"og:title\" content=\"M\u00e9lodies h\u00e9bra\u00efques - Abram KROL\" \/>\n<meta property=\"og:url\" content=\"https:\/\/krol-abram.fr\/?page_id=3189\" \/>\n<meta property=\"og:site_name\" content=\"Abram KROL\" \/>\n<meta property=\"og:image\" content=\"https:\/\/krol-abram.fr\/wp-content\/uploads\/byron-1.jpg\" \/>\n<meta name=\"twitter:card\" content=\"summary_large_image\" \/>\n<meta name=\"twitter:label1\" content=\"Dur\u00e9e de lecture estim\u00e9e\" \/>\n\t<meta name=\"twitter:data1\" content=\"1 minute\" \/>\n<script type=\"application\/ld+json\" class=\"yoast-schema-graph\">{\"@context\":\"https:\\\/\\\/schema.org\",\"@graph\":[{\"@type\":\"WebPage\",\"@id\":\"https:\\\/\\\/krol-abram.fr\\\/?page_id=3189\",\"url\":\"https:\\\/\\\/krol-abram.fr\\\/?page_id=3189\",\"name\":\"M\u00e9lodies h\u00e9bra\u00efques - Abram KROL\",\"isPartOf\":{\"@id\":\"https:\\\/\\\/krol-abram.fr\\\/#website\"},\"primaryImageOfPage\":{\"@id\":\"https:\\\/\\\/krol-abram.fr\\\/?page_id=3189#primaryimage\"},\"image\":{\"@id\":\"https:\\\/\\\/krol-abram.fr\\\/?page_id=3189#primaryimage\"},\"thumbnailUrl\":\"https:\\\/\\\/krol-abram.fr\\\/wp-content\\\/uploads\\\/byron-1.jpg\",\"datePublished\":\"2021-05-29T18:49:23+00:00\",\"breadcrumb\":{\"@id\":\"https:\\\/\\\/krol-abram.fr\\\/?page_id=3189#breadcrumb\"},\"inLanguage\":\"fr-FR\",\"potentialAction\":[{\"@type\":\"ReadAction\",\"target\":[\"https:\\\/\\\/krol-abram.fr\\\/?page_id=3189\"]}]},{\"@type\":\"ImageObject\",\"inLanguage\":\"fr-FR\",\"@id\":\"https:\\\/\\\/krol-abram.fr\\\/?page_id=3189#primaryimage\",\"url\":\"https:\\\/\\\/krol-abram.fr\\\/wp-content\\\/uploads\\\/byron-1.jpg\",\"contentUrl\":\"https:\\\/\\\/krol-abram.fr\\\/wp-content\\\/uploads\\\/byron-1.jpg\",\"width\":800,\"height\":547},{\"@type\":\"BreadcrumbList\",\"@id\":\"https:\\\/\\\/krol-abram.fr\\\/?page_id=3189#breadcrumb\",\"itemListElement\":[{\"@type\":\"ListItem\",\"position\":1,\"name\":\"Accueil\",\"item\":\"https:\\\/\\\/krol-abram.fr\\\/\"},{\"@type\":\"ListItem\",\"position\":2,\"name\":\"M\u00e9lodies h\u00e9bra\u00efques\"}]},{\"@type\":\"WebSite\",\"@id\":\"https:\\\/\\\/krol-abram.fr\\\/#website\",\"url\":\"https:\\\/\\\/krol-abram.fr\\\/\",\"name\":\"Abram KROL\",\"description\":\"artiste peintre-graveur\",\"potentialAction\":[{\"@type\":\"SearchAction\",\"target\":{\"@type\":\"EntryPoint\",\"urlTemplate\":\"https:\\\/\\\/krol-abram.fr\\\/?s={search_term_string}\"},\"query-input\":{\"@type\":\"PropertyValueSpecification\",\"valueRequired\":true,\"valueName\":\"search_term_string\"}}],\"inLanguage\":\"fr-FR\"}]}<\/script>\n<!-- \/ Yoast SEO plugin. -->","yoast_head_json":{"title":"M\u00e9lodies h\u00e9bra\u00efques - Abram KROL","robots":{"index":"index","follow":"follow","max-snippet":"max-snippet:-1","max-image-preview":"max-image-preview:large","max-video-preview":"max-video-preview:-1"},"canonical":"https:\/\/krol-abram.fr\/?page_id=3189","og_locale":"fr_FR","og_type":"article","og_title":"M\u00e9lodies h\u00e9bra\u00efques - Abram KROL","og_url":"https:\/\/krol-abram.fr\/?page_id=3189","og_site_name":"Abram KROL","og_image":[{"url":"https:\/\/krol-abram.fr\/wp-content\/uploads\/byron-1.jpg","type":"","width":"","height":""}],"twitter_card":"summary_large_image","twitter_misc":{"Dur\u00e9e de lecture estim\u00e9e":"1 minute"},"schema":{"@context":"https:\/\/schema.org","@graph":[{"@type":"WebPage","@id":"https:\/\/krol-abram.fr\/?page_id=3189","url":"https:\/\/krol-abram.fr\/?page_id=3189","name":"M\u00e9lodies h\u00e9bra\u00efques - Abram KROL","isPartOf":{"@id":"https:\/\/krol-abram.fr\/#website"},"primaryImageOfPage":{"@id":"https:\/\/krol-abram.fr\/?page_id=3189#primaryimage"},"image":{"@id":"https:\/\/krol-abram.fr\/?page_id=3189#primaryimage"},"thumbnailUrl":"https:\/\/krol-abram.fr\/wp-content\/uploads\/byron-1.jpg","datePublished":"2021-05-29T18:49:23+00:00","breadcrumb":{"@id":"https:\/\/krol-abram.fr\/?page_id=3189#breadcrumb"},"inLanguage":"fr-FR","potentialAction":[{"@type":"ReadAction","target":["https:\/\/krol-abram.fr\/?page_id=3189"]}]},{"@type":"ImageObject","inLanguage":"fr-FR","@id":"https:\/\/krol-abram.fr\/?page_id=3189#primaryimage","url":"https:\/\/krol-abram.fr\/wp-content\/uploads\/byron-1.jpg","contentUrl":"https:\/\/krol-abram.fr\/wp-content\/uploads\/byron-1.jpg","width":800,"height":547},{"@type":"BreadcrumbList","@id":"https:\/\/krol-abram.fr\/?page_id=3189#breadcrumb","itemListElement":[{"@type":"ListItem","position":1,"name":"Accueil","item":"https:\/\/krol-abram.fr\/"},{"@type":"ListItem","position":2,"name":"M\u00e9lodies h\u00e9bra\u00efques"}]},{"@type":"WebSite","@id":"https:\/\/krol-abram.fr\/#website","url":"https:\/\/krol-abram.fr\/","name":"Abram KROL","description":"artiste peintre-graveur","potentialAction":[{"@type":"SearchAction","target":{"@type":"EntryPoint","urlTemplate":"https:\/\/krol-abram.fr\/?s={search_term_string}"},"query-input":{"@type":"PropertyValueSpecification","valueRequired":true,"valueName":"search_term_string"}}],"inLanguage":"fr-FR"}]}},"_links":{"self":[{"href":"https:\/\/krol-abram.fr\/index.php?rest_route=\/wp\/v2\/pages\/3189","targetHints":{"allow":["GET"]}}],"collection":[{"href":"https:\/\/krol-abram.fr\/index.php?rest_route=\/wp\/v2\/pages"}],"about":[{"href":"https:\/\/krol-abram.fr\/index.php?rest_route=\/wp\/v2\/types\/page"}],"author":[{"embeddable":true,"href":"https:\/\/krol-abram.fr\/index.php?rest_route=\/wp\/v2\/users\/1"}],"replies":[{"embeddable":true,"href":"https:\/\/krol-abram.fr\/index.php?rest_route=%2Fwp%2Fv2%2Fcomments&post=3189"}],"version-history":[{"count":1,"href":"https:\/\/krol-abram.fr\/index.php?rest_route=\/wp\/v2\/pages\/3189\/revisions"}],"predecessor-version":[{"id":3219,"href":"https:\/\/krol-abram.fr\/index.php?rest_route=\/wp\/v2\/pages\/3189\/revisions\/3219"}],"wp:attachment":[{"href":"https:\/\/krol-abram.fr\/index.php?rest_route=%2Fwp%2Fv2%2Fmedia&parent=3189"}],"curies":[{"name":"wp","href":"https:\/\/api.w.org\/{rel}","templated":true}]}}